{"id":5,"date":"2012-09-04T02:31:07","date_gmt":"2012-09-03T23:31:07","guid":{"rendered":"https:\/\/antalyamezarbakim.com\/index\/?page_id=5"},"modified":"2014-09-15T16:45:01","modified_gmt":"2014-09-15T13:45:01","slug":"anasayfa","status":"publish","type":"page","link":"https:\/\/antalyamezarbakim.com\/index\/","title":{"rendered":"Anasayfa"},"content":{"rendered":"<div class=\"carousel-container small\">\n<div class=\"arrow-left-box jcarousel-controls\"> <a class=\"jcarousel-left jcarousel-prev\"><\/a><\/div>\n<div class=\"jcarousel-900\">\n<ul class=\"jcarousel-skin-horizontal1  testimonials-carousel hidden\">\n\r\n<li><div>\r\n<blockquote>\r\n<h2>Onlar bizim yan\u0131m\u0131zda olamasa da, Biz hep onlarlay\u0131z...<\/h2>\r\n<\/blockquote>\r\n<\/div><\/li>\r\n<li><div>\r\n<blockquote>\r\n<h2>Sizin i\u00e7in ziyaret ettik kabirlerini, bak\u0131m\u0131n\u0131 yapt\u0131k, sulad\u0131k, \u00e7i\u00e7ek ektik. Unutmad\u0131k sevdiklerinizi...<\/h2>\r\n<\/blockquote>\r\n<\/div><\/li>\r\n<li><div>\r\n<blockquote>\r\n<h2>Ke\u015fke aram\u0131zdan hi\u00e7 ayr\u0131lmasalard\u0131...<\/h2>\r\n<\/blockquote>\r\n<\/div><\/li>\r\n<\/ul>\n<\/div>\n<div class=\"arrow-right-box jcarousel-controls\"><a class=\"jcarousel-right jcarousel-next\"><\/a><\/div>\n<div class=\"clear\"><\/div>\n<\/div>\n<\/div>\n<div class=\"shadow-area\">\n<div class=\"wrapper\">\n<div class=\"column-1-3\">\n<h5 class=\"big-icon-title\">MEZAR BAKIMI<\/h5>\n<p style=\"text-align: justify;\">Mezar bak\u0131m hizmetlerimiz, yap\u0131lacak i\u015flerin tek tek tespit edilmesi ile ba\u015flar, personelimizin y\u00f6nlendirilmesiyle mezar\u0131n \u00fczerinde ve \u00e7evresinde bulunan at\u0131klar\u0131n temizlenmesi, mezar mermerinin uygun kimyasallar kullan\u0131larak ilk g\u00fcnk\u00fc haline getirilmesi ve okunmaz hale gelmi\u015f olan mezar ta\u015f\u0131 yaz\u0131lar\u0131n\u0131n \u00fcst\u00fcndeki renkle boyanarak okunur hale getirilmesi ile davam eder.<\/p>\n<p><a href=\"https:\/\/antalyamezarbakim.com\/index\/mezar-bakimi\/\" class=\"button-small-theme-color left\"><span>Devam\u0131&#8230;<\/span><\/a><\/p>\n<\/div>\n<div class=\"column-1-3\">\n<h5 class=\"big-icon-title\">MEZAR MODELLER\u0130<\/h5>\n<p style=\"text-align: justify;\">Mezar yap\u0131m\u0131 konusunda \u00f6nc\u00fc olan kurulu\u015fumuz geni\u015f bir \u00fcr\u00fcn yelpazesine sahiptir. Mezarlarda d\u0131\u015far\u0131dan g\u00f6r\u00fclmeyen vidal\u0131 montaj sistemi kullan\u0131lmaktad\u0131r. Mezarlar\u0131n zamanla a\u00e7\u0131lmas\u0131 ve bozulmas\u0131 \u00f6nlenmektedir. Mermer mezar, traverten mezar, granit mezar modellerimizle size her t\u00fcrl\u00fc \u00f6neriyi sunmaktay\u0131z&#8230; \u00a0 \u00a0 \u00a0 \u00a0 \u00a0 \u00a0 \u00a0 \u00a0 \u00a0 \u00a0 \u00a0 \u00a0\u00a0<span style=\"color: #ffffff;\"> &#8230;&#8230;&#8230;&#8230;&#8230;&#8230;&#8230;&#8230;&#8230;&#8230;&#8230;&#8230;&#8230;&#8230;&#8230;<\/span><\/p>\n<p><a href=\"https:\/\/antalyamezarbakim.com\/index\/mezar-modelleri\/\" class=\"button-small-theme-color left\"><span>Devam\u0131&#8230;<\/span><\/a><\/p>\n<\/div>\n<div class=\"column-1-3 column-last\">\n<h5 class=\"big-icon-title\">\u00c7\u0130\u00c7EKLEND\u0130RME<\/h5>\n<p style=\"text-align: justify;\">Mevsimin her d\u00f6neminde mezar\u0131n rengarenk g\u00f6r\u00fcn\u00fcm\u00fcn\u00fc ve ho\u015f koku yaymas\u0131n\u0131 sa\u011flamak i\u00e7in mevsimlik \u00e7i\u00e7ekler dikilir ve periyodik bak\u0131mlar\u0131 yap\u0131l\u0131r. Mezar yabanc\u0131 otlardan ay\u0131klan\u0131r ve tertemiz hale getirilir. Yer \u00f6rt\u00fcc\u00fc uzun y\u0131llar kullan\u0131labilecek bitkiler ile mezara yemye\u015fil bir g\u00f6r\u00fcn\u00fcm verilmesini sa\u011flan\u0131r&#8230;\u00a0 \u00a0 \u00a0 \u00a0 \u00a0 \u00a0 \u00a0 \u00a0 \u00a0 \u00a0 \u00a0 \u00a0\u00a0\u00a0<span style=\"color: #ffffff;\">&#8230;&#8230;&#8230;&#8230;&#8230;&#8230;&#8230;&#8230;&#8230;&#8230;&#8230;&#8230;&#8230;&#8230;&#8230;<\/span><\/p>\n<p><a href=\"https:\/\/antalyamezarbakim.com\/index\/ciceklendirme\/\" class=\"button-small-theme-color left\"><span>Devam\u0131&#8230;<\/span><\/a><\/p>\n<\/div>\n<div class=\"clear\"><\/div>\n<\/div>\n<\/div>\n<div class=\"shadow-area-bottom\"><\/div>\n<div class=\"wrapper content\">\n<div class=\"carousel-container big\">\n<h3 class=\"carousel-title\">Hizmet Verdi\u011fimiz De\u011ferli Referanslar\u0131m\u0131zdan Baz\u0131lar\u0131<\/h3>\n<div class=\"arrow-left-box jcarousel-controls\"> <a class=\"jcarousel-left jcarousel-prev\"><\/a><\/div>\n<div class=\"jcarousel-900\">\n<ul class=\"jcarousel-skin-horizontal1  hidden\">\n\r\n<li><div>\r\n<span class=\"image-decoration shadow-200 image-left\"><a href=\"https:\/\/antalyamezarbakim.com\/index\/wp-content\/uploads\/2014\/09\/1-17.jpg\" title=\"1 (17)\" data-fancybox=\"image-479\"><span class=\"image-hover\"><\/span><span class=\"image-hover-icon\"><\/span><img width=\"194\" height=\"104\" src=\"https:\/\/antalyamezarbakim.com\/index\/wp-content\/uploads\/2014\/09\/1-17-194x104.jpg\" class=\"attachment-invent-small-carousel size-invent-small-carousel\" alt=\"\" loading=\"lazy\" \/><\/a><\/span>\r\n<h6 class=\"tittle\">Mezar \u00d6rneklerimiz 1<\/h6>\r\n<\/div><\/li>\r\n\r\n<li><div>\r\n<span class=\"image-decoration shadow-200 image-left\"><a href=\"https:\/\/antalyamezarbakim.com\/index\/wp-content\/uploads\/2014\/09\/1-26.jpg\" title=\"1 (26)\" data-fancybox=\"image-488\"><span class=\"image-hover\"><\/span><span class=\"image-hover-icon\"><\/span><img width=\"194\" height=\"104\" src=\"https:\/\/antalyamezarbakim.com\/index\/wp-content\/uploads\/2014\/09\/1-26-194x104.jpg\" class=\"attachment-invent-small-carousel size-invent-small-carousel\" alt=\"\" loading=\"lazy\" \/><\/a><\/span>\r\n<h6 class=\"tittle\">Mezar \u00d6rneklerimiz 2<\/h6>\r\n<\/div><\/li>\r\n\r\n<li><div>\r\n<span class=\"image-decoration shadow-200 image-left\"><a href=\"https:\/\/antalyamezarbakim.com\/index\/wp-content\/uploads\/2014\/09\/1-1.jpg\" title=\"1 (1)\" data-fancybox=\"image-461\"><span class=\"image-hover\"><\/span><span class=\"image-hover-icon\"><\/span><img width=\"194\" height=\"104\" src=\"https:\/\/antalyamezarbakim.com\/index\/wp-content\/uploads\/2014\/09\/1-1-194x104.jpg\" class=\"attachment-invent-small-carousel size-invent-small-carousel\" alt=\"\" loading=\"lazy\" \/><\/a><\/span>\r\n<h6 class=\"tittle\">Mezar \u00d6rneklerimiz 3<\/h6>\r\n<\/div><\/li>\r\n\r\n<li><div>\r\n<span class=\"image-decoration shadow-200 image-left\"><a href=\"https:\/\/antalyamezarbakim.com\/index\/wp-content\/uploads\/2014\/09\/1-10.jpg\" title=\"1 (10)\" data-fancybox=\"image-471\"><span class=\"image-hover\"><\/span><span class=\"image-hover-icon\"><\/span><img width=\"194\" height=\"104\" src=\"https:\/\/antalyamezarbakim.com\/index\/wp-content\/uploads\/2014\/09\/1-10-194x104.jpg\" class=\"attachment-invent-small-carousel size-invent-small-carousel\" alt=\"\" loading=\"lazy\" \/><\/a><\/span>\r\n<h6 class=\"tittle\">Mezar \u00d6rneklerimiz 4<\/h6>\r\n<\/div><\/li>\r\n\r\n<li><div>\r\n<span class=\"image-decoration shadow-200 image-left\"><a href=\"https:\/\/antalyamezarbakim.com\/index\/wp-content\/uploads\/2012\/09\/100.jpg\" title=\"100\" data-fancybox=\"image-398\"><span class=\"image-hover\"><\/span><span class=\"image-hover-icon\"><\/span><img width=\"194\" height=\"104\" src=\"https:\/\/antalyamezarbakim.com\/index\/wp-content\/uploads\/2012\/09\/100-194x104.jpg\" class=\"attachment-invent-small-carousel size-invent-small-carousel\" alt=\"\" loading=\"lazy\" srcset=\"https:\/\/antalyamezarbakim.com\/index\/wp-content\/uploads\/2012\/09\/100-194x104.jpg 194w, https:\/\/antalyamezarbakim.com\/index\/wp-content\/uploads\/2012\/09\/100.jpg 796w\" sizes=\"(max-width: 194px) 100vw, 194px\" \/><\/a><\/span>\r\n<h6 class=\"tittle\">Ba\u015fta\u015f\u0131 Yaz\u0131lar\u0131 \u00d6rnek<\/h6>\r\n<\/div><\/li>\r\n\r\n<li><div>\r\n<span class=\"image-decoration shadow-200 image-left\"><a href=\"https:\/\/antalyamezarbakim.com\/index\/wp-content\/uploads\/2012\/09\/511.jpg\" title=\"5\" data-fancybox=\"image-376\"><span class=\"image-hover\"><\/span><span class=\"image-hover-icon\"><\/span><img width=\"194\" height=\"104\" src=\"https:\/\/antalyamezarbakim.com\/index\/wp-content\/uploads\/2012\/09\/511-194x104.jpg\" class=\"attachment-invent-small-carousel size-invent-small-carousel\" alt=\"\" loading=\"lazy\" \/><\/a><\/span>\r\n<h6 class=\"tittle\">Bak\u0131ml\u0131 Mezar \u00d6rnek<\/h6>\r\n<\/div><\/li>\r\n\r\n<li><div>\r\n<span class=\"image-decoration shadow-200 image-left\"><a href=\"https:\/\/antalyamezarbakim.com\/index\/wp-content\/uploads\/2012\/09\/17.jpg\" title=\"1\" data-fancybox=\"image-163\"><span class=\"image-hover\"><\/span><span class=\"image-hover-icon\"><\/span><img width=\"194\" height=\"104\" src=\"https:\/\/antalyamezarbakim.com\/index\/wp-content\/uploads\/2012\/09\/17-194x104.jpg\" class=\"attachment-invent-small-carousel size-invent-small-carousel\" alt=\"\" loading=\"lazy\" \/><\/a><\/span>\r\n<h6 class=\"tittle\">Yaz \u00c7i\u00e7ekleri \u00d6rnek<\/h6>\r\n<\/div><\/li>\r\n\r\n<li><div>\r\n<span class=\"image-decoration shadow-200 image-left\"><a href=\"https:\/\/antalyamezarbakim.com\/index\/wp-content\/uploads\/2012\/09\/95.jpg\" title=\"9\" data-fancybox=\"image-185\"><span class=\"image-hover\"><\/span><span class=\"image-hover-icon\"><\/span><img width=\"194\" height=\"104\" src=\"https:\/\/antalyamezarbakim.com\/index\/wp-content\/uploads\/2012\/09\/95-194x104.jpg\" class=\"attachment-invent-small-carousel size-invent-small-carousel\" alt=\"\" loading=\"lazy\" \/><\/a><\/span>\r\n<h6 class=\"tittle\">K\u0131\u015f \u00c7i\u00e7ekleri \u00d6rnek<\/h6>\r\n<\/div><\/li>\r\n\r\n<\/ul>\n<\/div>\n<div class=\"arrow-right-box jcarousel-controls\"><a class=\"jcarousel-right jcarousel-next\"><\/a><\/div>\n<div class=\"clear\"><\/div>\n<\/div>\n","protected":false},"excerpt":{"rendered":"","protected":false},"author":1,"featured_media":0,"parent":0,"menu_order":0,"comment_status":"closed","ping_status":"open","template":"","meta":[],"_links":{"self":[{"href":"https:\/\/antalyamezarbakim.com\/index\/wp-json\/wp\/v2\/pages\/5"}],"collection":[{"href":"https:\/\/antalyamezarbakim.com\/index\/wp-json\/wp\/v2\/pages"}],"about":[{"href":"https:\/\/antalyamezarbakim.com\/index\/wp-json\/wp\/v2\/types\/page"}],"author":[{"embeddable":true,"href":"https:\/\/antalyamezarbakim.com\/index\/wp-json\/wp\/v2\/users\/1"}],"replies":[{"embeddable":true,"href":"https:\/\/antalyamezarbakim.com\/index\/wp-json\/wp\/v2\/comments?post=5"}],"version-history":[{"count":0,"href":"https:\/\/antalyamezarbakim.com\/index\/wp-json\/wp\/v2\/pages\/5\/revisions"}],"wp:attachment":[{"href":"https:\/\/antalyamezarbakim.com\/index\/wp-json\/wp\/v2\/media?parent=5"}],"curies":[{"name":"wp","href":"https:\/\/api.w.org\/{rel}","templated":true}]}}