{"id":326,"date":"2012-09-08T12:25:42","date_gmt":"2012-09-08T09:25:42","guid":{"rendered":"https:\/\/antalyamezarbakim.com\/index\/?page_id=326"},"modified":"2014-09-15T13:26:36","modified_gmt":"2014-09-15T10:26:36","slug":"mezar-modelleri","status":"publish","type":"page","link":"https:\/\/antalyamezarbakim.com\/index\/mezar-modelleri\/","title":{"rendered":"Mezar Modelleri"},"content":{"rendered":"<p style=\"text-align: justify;\">Mezar yap\u0131m\u0131 konusunda \u00f6nc\u00fc olan kurulu\u015fumuz geni\u015f bir \u00fcr\u00fcn yelpazesine sahiptir. Mezarlarda d\u0131\u015far\u0131dan g\u00f6r\u00fclmeyen vidal\u0131 montaj sistemi kullan\u0131lmaktad\u0131r. Mezarlar\u0131n zamanla a\u00e7\u0131lmas\u0131 ve bozulmas\u0131 \u00f6nlenmektedir. Mermer mezar, traverten mezar, granit mezar modellerimizle size her t\u00fcrl\u00fc \u00f6neriyi sunmaktay\u0131z\u2026<\/p>\n<h4 style=\"text-align: center;\"><span style=\"color: #672600;\">\u00d6rnek Mezar Modellerimiz<\/span><\/h4>\n<div class=\"invent-gallery no-js\">\n<div class=\"portfolio-1-4\">\n<div class=\"gallery-\"><span class=\"image-decoration image-left shadow-220\"><a href=\"https:\/\/antalyamezarbakim.com\/index\/wp-content\/uploads\/2014\/09\/1-1.jpg\" title=\"\" data-fancybox=\"12\"><span class=\"image-hover\"><\/span><span class=\"image-hover-icon\"><\/span><img src=\"https:\/\/antalyamezarbakim.com\/index\/wp-content\/uploads\/2014\/09\/1-1-200x100.jpg\" height=\"100\" class=\"attachment-invent-small\" alt=\"\" title=\"\"><\/a><\/span><\/p>\n<div class=\"image-description\">\n<h5><\/h5>\n<\/div>\n<\/div>\n<div class=\"gallery-\"><span class=\"image-decoration image-left shadow-220\"><a href=\"https:\/\/antalyamezarbakim.com\/index\/wp-content\/uploads\/2014\/09\/1-2.jpg\" title=\"\" data-fancybox=\"12\"><span class=\"image-hover\"><\/span><span class=\"image-hover-icon\"><\/span><img src=\"https:\/\/antalyamezarbakim.com\/index\/wp-content\/uploads\/2014\/09\/1-2-200x100.jpg\" height=\"100\" class=\"attachment-invent-small\" alt=\"\" title=\"\"><\/a><\/span><\/p>\n<div class=\"image-description\">\n<h5><\/h5>\n<\/div>\n<\/div>\n<div class=\"gallery-\"><span class=\"image-decoration image-left shadow-220\"><a href=\"https:\/\/antalyamezarbakim.com\/index\/wp-content\/uploads\/2014\/09\/1-4.jpg\" title=\"\" data-fancybox=\"12\"><span class=\"image-hover\"><\/span><span class=\"image-hover-icon\"><\/span><img src=\"https:\/\/antalyamezarbakim.com\/index\/wp-content\/uploads\/2014\/09\/1-4-200x100.jpg\" height=\"100\" class=\"attachment-invent-small\" alt=\"\" title=\"\"><\/a><\/span><\/p>\n<div class=\"image-description\">\n<h5><\/h5>\n<\/div>\n<\/div>\n<div class=\"gallery-\"><span class=\"image-decoration image-left shadow-220\"><a href=\"https:\/\/antalyamezarbakim.com\/index\/wp-content\/uploads\/2014\/09\/1-3.jpg\" title=\"\" data-fancybox=\"12\"><span class=\"image-hover\"><\/span><span class=\"image-hover-icon\"><\/span><img src=\"https:\/\/antalyamezarbakim.com\/index\/wp-content\/uploads\/2014\/09\/1-3-200x100.jpg\" height=\"100\" class=\"attachment-invent-small\" alt=\"\" title=\"\"><\/a><\/span><\/p>\n<div class=\"image-description\">\n<h5><\/h5>\n<\/div>\n<\/div>\n<div class=\"gallery-\"><span class=\"image-decoration image-left shadow-220\"><a href=\"https:\/\/antalyamezarbakim.com\/index\/wp-content\/uploads\/2014\/09\/1-5.jpg\" title=\"\" data-fancybox=\"12\"><span class=\"image-hover\"><\/span><span class=\"image-hover-icon\"><\/span><img src=\"https:\/\/antalyamezarbakim.com\/index\/wp-content\/uploads\/2014\/09\/1-5-200x100.jpg\" height=\"100\" class=\"attachment-invent-small\" alt=\"\" title=\"\"><\/a><\/span><\/p>\n<div class=\"image-description\">\n<h5><\/h5>\n<\/div>\n<\/div>\n<div class=\"gallery-\"><span class=\"image-decoration image-left shadow-220\"><a href=\"https:\/\/antalyamezarbakim.com\/index\/wp-content\/uploads\/2014\/09\/1-6.jpg\" title=\"\" data-fancybox=\"12\"><span class=\"image-hover\"><\/span><span class=\"image-hover-icon\"><\/span><img src=\"https:\/\/antalyamezarbakim.com\/index\/wp-content\/uploads\/2014\/09\/1-6-200x100.jpg\" height=\"100\" class=\"attachment-invent-small\" alt=\"\" title=\"\"><\/a><\/span><\/p>\n<div class=\"image-description\">\n<h5><\/h5>\n<\/div>\n<\/div>\n<div class=\"gallery-\"><span class=\"image-decoration image-left shadow-220\"><a href=\"https:\/\/antalyamezarbakim.com\/index\/wp-content\/uploads\/2014\/09\/1-7.jpg\" title=\"\" data-fancybox=\"12\"><span class=\"image-hover\"><\/span><span class=\"image-hover-icon\"><\/span><img src=\"https:\/\/antalyamezarbakim.com\/index\/wp-content\/uploads\/2014\/09\/1-7-200x100.jpg\" height=\"100\" class=\"attachment-invent-small\" alt=\"\" title=\"\"><\/a><\/span><\/p>\n<div class=\"image-description\">\n<h5><\/h5>\n<\/div>\n<\/div>\n<div class=\"gallery-\"><span class=\"image-decoration image-left shadow-220\"><a href=\"https:\/\/antalyamezarbakim.com\/index\/wp-content\/uploads\/2014\/09\/1-8.jpg\" title=\"\" data-fancybox=\"12\"><span class=\"image-hover\"><\/span><span class=\"image-hover-icon\"><\/span><img src=\"https:\/\/antalyamezarbakim.com\/index\/wp-content\/uploads\/2014\/09\/1-8-200x100.jpg\" height=\"100\" class=\"attachment-invent-small\" alt=\"\" title=\"\"><\/a><\/span><\/p>\n<div class=\"image-description\">\n<h5><\/h5>\n<\/div>\n<\/div>\n<div class=\"gallery-\"><span class=\"image-decoration image-left shadow-220\"><a href=\"https:\/\/antalyamezarbakim.com\/index\/wp-content\/uploads\/2014\/09\/1-9.jpg\" title=\"\" data-fancybox=\"12\"><span class=\"image-hover\"><\/span><span class=\"image-hover-icon\"><\/span><img src=\"https:\/\/antalyamezarbakim.com\/index\/wp-content\/uploads\/2014\/09\/1-9-200x100.jpg\" height=\"100\" class=\"attachment-invent-small\" alt=\"\" title=\"\"><\/a><\/span><\/p>\n<div class=\"image-description\">\n<h5><\/h5>\n<\/div>\n<\/div>\n<div class=\"gallery-\"><span class=\"image-decoration image-left shadow-220\"><a href=\"https:\/\/antalyamezarbakim.com\/index\/wp-content\/uploads\/2014\/09\/1-10.jpg\" title=\"\" data-fancybox=\"12\"><span class=\"image-hover\"><\/span><span class=\"image-hover-icon\"><\/span><img src=\"https:\/\/antalyamezarbakim.com\/index\/wp-content\/uploads\/2014\/09\/1-10-200x100.jpg\" height=\"100\" class=\"attachment-invent-small\" alt=\"\" title=\"\"><\/a><\/span><\/p>\n<div class=\"image-description\">\n<h5><\/h5>\n<\/div>\n<\/div>\n<div class=\"gallery-\"><span class=\"image-decoration image-left shadow-220\"><a href=\"https:\/\/antalyamezarbakim.com\/index\/wp-content\/uploads\/2014\/09\/1-11.jpg\" title=\"\" data-fancybox=\"12\"><span class=\"image-hover\"><\/span><span class=\"image-hover-icon\"><\/span><img src=\"https:\/\/antalyamezarbakim.com\/index\/wp-content\/uploads\/2014\/09\/1-11-200x100.jpg\" height=\"100\" class=\"attachment-invent-small\" alt=\"\" title=\"\"><\/a><\/span><\/p>\n<div class=\"image-description\">\n<h5><\/h5>\n<\/div>\n<\/div>\n<div class=\"gallery-\"><span class=\"image-decoration image-left shadow-220\"><a href=\"https:\/\/antalyamezarbakim.com\/index\/wp-content\/uploads\/2014\/09\/1-12.jpg\" title=\"\" data-fancybox=\"12\"><span class=\"image-hover\"><\/span><span class=\"image-hover-icon\"><\/span><img src=\"https:\/\/antalyamezarbakim.com\/index\/wp-content\/uploads\/2014\/09\/1-12-200x100.jpg\" height=\"100\" class=\"attachment-invent-small\" alt=\"\" title=\"\"><\/a><\/span><\/p>\n<div class=\"image-description\">\n<h5><\/h5>\n<\/div>\n<\/div>\n<div class=\"gallery-\"><span class=\"image-decoration image-left shadow-220\"><a href=\"https:\/\/antalyamezarbakim.com\/index\/wp-content\/uploads\/2014\/09\/1-13.jpg\" title=\"\" data-fancybox=\"12\"><span class=\"image-hover\"><\/span><span class=\"image-hover-icon\"><\/span><img src=\"https:\/\/antalyamezarbakim.com\/index\/wp-content\/uploads\/2014\/09\/1-13-200x100.jpg\" height=\"100\" class=\"attachment-invent-small\" alt=\"\" title=\"\"><\/a><\/span><\/p>\n<div class=\"image-description\">\n<h5><\/h5>\n<\/div>\n<\/div>\n<div class=\"gallery-\"><span class=\"image-decoration image-left shadow-220\"><a href=\"https:\/\/antalyamezarbakim.com\/index\/wp-content\/uploads\/2014\/09\/1-14.jpg\" title=\"\" data-fancybox=\"12\"><span class=\"image-hover\"><\/span><span class=\"image-hover-icon\"><\/span><img src=\"https:\/\/antalyamezarbakim.com\/index\/wp-content\/uploads\/2014\/09\/1-14-200x100.jpg\" height=\"100\" class=\"attachment-invent-small\" alt=\"\" title=\"\"><\/a><\/span><\/p>\n<div class=\"image-description\">\n<h5><\/h5>\n<\/div>\n<\/div>\n<div class=\"gallery-\"><span class=\"image-decoration image-left shadow-220\"><a href=\"https:\/\/antalyamezarbakim.com\/index\/wp-content\/uploads\/2014\/09\/1-15.jpg\" title=\"\" data-fancybox=\"12\"><span class=\"image-hover\"><\/span><span class=\"image-hover-icon\"><\/span><img src=\"https:\/\/antalyamezarbakim.com\/index\/wp-content\/uploads\/2014\/09\/1-15-200x100.jpg\" height=\"100\" class=\"attachment-invent-small\" alt=\"\" title=\"\"><\/a><\/span><\/p>\n<div class=\"image-description\">\n<h5><\/h5>\n<\/div>\n<\/div>\n<div class=\"gallery-\"><span class=\"image-decoration image-left shadow-220\"><a href=\"https:\/\/antalyamezarbakim.com\/index\/wp-content\/uploads\/2014\/09\/1-16.jpg\" title=\"\" data-fancybox=\"12\"><span class=\"image-hover\"><\/span><span class=\"image-hover-icon\"><\/span><img src=\"https:\/\/antalyamezarbakim.com\/index\/wp-content\/uploads\/2014\/09\/1-16-200x100.jpg\" height=\"100\" class=\"attachment-invent-small\" alt=\"\" title=\"\"><\/a><\/span><\/p>\n<div class=\"image-description\">\n<h5><\/h5>\n<\/div>\n<\/div>\n<div class=\"gallery-\"><span class=\"image-decoration image-left shadow-220\"><a href=\"https:\/\/antalyamezarbakim.com\/index\/wp-content\/uploads\/2014\/09\/1-17.jpg\" title=\"\" data-fancybox=\"12\"><span class=\"image-hover\"><\/span><span class=\"image-hover-icon\"><\/span><img src=\"https:\/\/antalyamezarbakim.com\/index\/wp-content\/uploads\/2014\/09\/1-17-200x100.jpg\" height=\"100\" class=\"attachment-invent-small\" alt=\"\" title=\"\"><\/a><\/span><\/p>\n<div class=\"image-description\">\n<h5><\/h5>\n<\/div>\n<\/div>\n<div class=\"gallery-\"><span class=\"image-decoration image-left shadow-220\"><a href=\"https:\/\/antalyamezarbakim.com\/index\/wp-content\/uploads\/2014\/09\/1-18.jpg\" title=\"\" data-fancybox=\"12\"><span class=\"image-hover\"><\/span><span class=\"image-hover-icon\"><\/span><img src=\"https:\/\/antalyamezarbakim.com\/index\/wp-content\/uploads\/2014\/09\/1-18-200x100.jpg\" height=\"100\" class=\"attachment-invent-small\" alt=\"\" title=\"\"><\/a><\/span><\/p>\n<div class=\"image-description\">\n<h5><\/h5>\n<\/div>\n<\/div>\n<div class=\"gallery-\"><span class=\"image-decoration image-left shadow-220\"><a href=\"https:\/\/antalyamezarbakim.com\/index\/wp-content\/uploads\/2014\/09\/1-19.jpg\" title=\"\" data-fancybox=\"12\"><span class=\"image-hover\"><\/span><span class=\"image-hover-icon\"><\/span><img src=\"https:\/\/antalyamezarbakim.com\/index\/wp-content\/uploads\/2014\/09\/1-19-200x100.jpg\" height=\"100\" class=\"attachment-invent-small\" alt=\"\" title=\"\"><\/a><\/span><\/p>\n<div class=\"image-description\">\n<h5><\/h5>\n<\/div>\n<\/div>\n<div class=\"gallery-\"><span class=\"image-decoration image-left shadow-220\"><a href=\"https:\/\/antalyamezarbakim.com\/index\/wp-content\/uploads\/2014\/09\/1-20.jpg\" title=\"\" data-fancybox=\"12\"><span class=\"image-hover\"><\/span><span class=\"image-hover-icon\"><\/span><img src=\"https:\/\/antalyamezarbakim.com\/index\/wp-content\/uploads\/2014\/09\/1-20-200x100.jpg\" height=\"100\" class=\"attachment-invent-small\" alt=\"\" title=\"\"><\/a><\/span><\/p>\n<div class=\"image-description\">\n<h5><\/h5>\n<\/div>\n<\/div>\n<div class=\"gallery-\"><span class=\"image-decoration image-left shadow-220\"><a href=\"https:\/\/antalyamezarbakim.com\/index\/wp-content\/uploads\/2014\/09\/1-21.jpg\" title=\"\" data-fancybox=\"12\"><span class=\"image-hover\"><\/span><span class=\"image-hover-icon\"><\/span><img src=\"https:\/\/antalyamezarbakim.com\/index\/wp-content\/uploads\/2014\/09\/1-21-200x100.jpg\" height=\"100\" class=\"attachment-invent-small\" alt=\"\" title=\"\"><\/a><\/span><\/p>\n<div class=\"image-description\">\n<h5><\/h5>\n<\/div>\n<\/div>\n<div class=\"gallery-\"><span class=\"image-decoration image-left shadow-220\"><a href=\"https:\/\/antalyamezarbakim.com\/index\/wp-content\/uploads\/2014\/09\/1-22.jpg\" title=\"\" data-fancybox=\"12\"><span class=\"image-hover\"><\/span><span class=\"image-hover-icon\"><\/span><img src=\"https:\/\/antalyamezarbakim.com\/index\/wp-content\/uploads\/2014\/09\/1-22-200x100.jpg\" height=\"100\" class=\"attachment-invent-small\" alt=\"\" title=\"\"><\/a><\/span><\/p>\n<div class=\"image-description\">\n<h5><\/h5>\n<\/div>\n<\/div>\n<div class=\"gallery-\"><span class=\"image-decoration image-left shadow-220\"><a href=\"https:\/\/antalyamezarbakim.com\/index\/wp-content\/uploads\/2014\/09\/1-23.jpg\" title=\"\" data-fancybox=\"12\"><span class=\"image-hover\"><\/span><span class=\"image-hover-icon\"><\/span><img src=\"https:\/\/antalyamezarbakim.com\/index\/wp-content\/uploads\/2014\/09\/1-23-200x100.jpg\" height=\"100\" class=\"attachment-invent-small\" alt=\"\" title=\"\"><\/a><\/span><\/p>\n<div class=\"image-description\">\n<h5><\/h5>\n<\/div>\n<\/div>\n<div class=\"gallery-\"><span class=\"image-decoration image-left shadow-220\"><a href=\"https:\/\/antalyamezarbakim.com\/index\/wp-content\/uploads\/2014\/09\/1-24.jpg\" title=\"\" data-fancybox=\"12\"><span class=\"image-hover\"><\/span><span class=\"image-hover-icon\"><\/span><img src=\"https:\/\/antalyamezarbakim.com\/index\/wp-content\/uploads\/2014\/09\/1-24-200x100.jpg\" height=\"100\" class=\"attachment-invent-small\" alt=\"\" title=\"\"><\/a><\/span><\/p>\n<div class=\"image-description\">\n<h5><\/h5>\n<\/div>\n<\/div>\n<div class=\"gallery-\"><span class=\"image-decoration image-left shadow-220\"><a href=\"https:\/\/antalyamezarbakim.com\/index\/wp-content\/uploads\/2014\/09\/1-25.jpg\" title=\"\" data-fancybox=\"12\"><span class=\"image-hover\"><\/span><span class=\"image-hover-icon\"><\/span><img src=\"https:\/\/antalyamezarbakim.com\/index\/wp-content\/uploads\/2014\/09\/1-25-200x100.jpg\" height=\"100\" class=\"attachment-invent-small\" alt=\"\" title=\"\"><\/a><\/span><\/p>\n<div class=\"image-description\">\n<h5><\/h5>\n<\/div>\n<\/div>\n<div class=\"gallery-\"><span class=\"image-decoration image-left shadow-220\"><a href=\"https:\/\/antalyamezarbakim.com\/index\/wp-content\/uploads\/2014\/09\/1-26.jpg\" title=\"\" data-fancybox=\"12\"><span class=\"image-hover\"><\/span><span class=\"image-hover-icon\"><\/span><img src=\"https:\/\/antalyamezarbakim.com\/index\/wp-content\/uploads\/2014\/09\/1-26-200x100.jpg\" height=\"100\" class=\"attachment-invent-small\" alt=\"\" title=\"\"><\/a><\/span><\/p>\n<div class=\"image-description\">\n<h5><\/h5>\n<\/div>\n<\/div>\n<div class=\"gallery-\"><span class=\"image-decoration image-left shadow-220\"><a href=\"https:\/\/antalyamezarbakim.com\/index\/wp-content\/uploads\/2014\/09\/1-27.jpg\" title=\"\" data-fancybox=\"12\"><span class=\"image-hover\"><\/span><span class=\"image-hover-icon\"><\/span><img src=\"https:\/\/antalyamezarbakim.com\/index\/wp-content\/uploads\/2014\/09\/1-27-200x100.jpg\" height=\"100\" class=\"attachment-invent-small\" alt=\"\" title=\"\"><\/a><\/span><\/p>\n<div class=\"image-description\">\n<h5><\/h5>\n<\/div>\n<\/div>\n<div class=\"gallery-\"><span class=\"image-decoration image-left shadow-220\"><a href=\"https:\/\/antalyamezarbakim.com\/index\/wp-content\/uploads\/2014\/09\/1-28.jpg\" title=\"\" data-fancybox=\"12\"><span class=\"image-hover\"><\/span><span class=\"image-hover-icon\"><\/span><img src=\"https:\/\/antalyamezarbakim.com\/index\/wp-content\/uploads\/2014\/09\/1-28-200x100.jpg\" height=\"100\" class=\"attachment-invent-small\" alt=\"\" title=\"\"><\/a><\/span><\/p>\n<div class=\"image-description\">\n<h5><\/h5>\n<\/div>\n<\/div>\n<div class=\"gallery-\"><span class=\"image-decoration image-left shadow-220\"><a href=\"https:\/\/antalyamezarbakim.com\/index\/wp-content\/uploads\/2014\/09\/1-29.jpg\" title=\"\" data-fancybox=\"12\"><span class=\"image-hover\"><\/span><span class=\"image-hover-icon\"><\/span><img src=\"https:\/\/antalyamezarbakim.com\/index\/wp-content\/uploads\/2014\/09\/1-29-200x100.jpg\" height=\"100\" class=\"attachment-invent-small\" alt=\"\" title=\"\"><\/a><\/span><\/p>\n<div class=\"image-description\">\n<h5><\/h5>\n<\/div>\n<\/div>\n<div class=\"gallery-\"><span class=\"image-decoration image-left shadow-220\"><a href=\"https:\/\/antalyamezarbakim.com\/index\/wp-content\/uploads\/2014\/09\/1-30.jpg\" title=\"\" data-fancybox=\"12\"><span class=\"image-hover\"><\/span><span class=\"image-hover-icon\"><\/span><img src=\"https:\/\/antalyamezarbakim.com\/index\/wp-content\/uploads\/2014\/09\/1-30-200x100.jpg\" height=\"100\" class=\"attachment-invent-small\" alt=\"\" title=\"\"><\/a><\/span><\/p>\n<div class=\"image-description\">\n<h5><\/h5>\n<\/div>\n<\/div>\n<div class=\"gallery-\"><span class=\"image-decoration image-left shadow-220\"><a href=\"https:\/\/antalyamezarbakim.com\/index\/wp-content\/uploads\/2014\/09\/1-31.jpg\" title=\"\" data-fancybox=\"12\"><span class=\"image-hover\"><\/span><span class=\"image-hover-icon\"><\/span><img src=\"https:\/\/antalyamezarbakim.com\/index\/wp-content\/uploads\/2014\/09\/1-31-200x100.jpg\" height=\"100\" class=\"attachment-invent-small\" alt=\"\" title=\"\"><\/a><\/span><\/p>\n<div class=\"image-description\">\n<h5><\/h5>\n<\/div>\n<\/div>\n<div class=\"gallery-\"><span class=\"image-decoration image-left shadow-220\"><a href=\"https:\/\/antalyamezarbakim.com\/index\/wp-content\/uploads\/2014\/09\/1-32.jpg\" title=\"\" data-fancybox=\"12\"><span class=\"image-hover\"><\/span><span class=\"image-hover-icon\"><\/span><img src=\"https:\/\/antalyamezarbakim.com\/index\/wp-content\/uploads\/2014\/09\/1-32-200x100.jpg\" height=\"100\" class=\"attachment-invent-small\" alt=\"\" title=\"\"><\/a><\/span><\/p>\n<div class=\"image-description\">\n<h5><\/h5>\n<\/div>\n<\/div>\n<div class=\"gallery-\"><span class=\"image-decoration image-left shadow-220\"><a href=\"https:\/\/antalyamezarbakim.com\/index\/wp-content\/uploads\/2014\/09\/1-33.jpg\" title=\"\" data-fancybox=\"12\"><span class=\"image-hover\"><\/span><span class=\"image-hover-icon\"><\/span><img src=\"https:\/\/antalyamezarbakim.com\/index\/wp-content\/uploads\/2014\/09\/1-33-200x100.jpg\" height=\"100\" class=\"attachment-invent-small\" alt=\"\" title=\"\"><\/a><\/span><\/p>\n<div class=\"image-description\">\n<h5><\/h5>\n<\/div>\n<\/div>\n<div class=\"gallery-\"><span class=\"image-decoration image-left shadow-220\"><a href=\"https:\/\/antalyamezarbakim.com\/index\/wp-content\/uploads\/2014\/09\/1-34.jpg\" title=\"\" data-fancybox=\"12\"><span class=\"image-hover\"><\/span><span class=\"image-hover-icon\"><\/span><img src=\"https:\/\/antalyamezarbakim.com\/index\/wp-content\/uploads\/2014\/09\/1-34-200x100.jpg\" height=\"100\" class=\"attachment-invent-small\" alt=\"\" title=\"\"><\/a><\/span><\/p>\n<div class=\"image-description\">\n<h5><\/h5>\n<\/div>\n<\/div>\n<div class=\"gallery-\"><span class=\"image-decoration image-left shadow-220\"><a href=\"https:\/\/antalyamezarbakim.com\/index\/wp-content\/uploads\/2014\/09\/1-35.jpg\" title=\"\" data-fancybox=\"12\"><span class=\"image-hover\"><\/span><span class=\"image-hover-icon\"><\/span><img src=\"https:\/\/antalyamezarbakim.com\/index\/wp-content\/uploads\/2014\/09\/1-35-200x100.jpg\" height=\"100\" class=\"attachment-invent-small\" alt=\"\" title=\"\"><\/a><\/span><\/p>\n<div class=\"image-description\">\n<h5><\/h5>\n<\/div>\n<\/div>\n<div class=\"gallery-\"><span class=\"image-decoration image-left shadow-220\"><a href=\"https:\/\/antalyamezarbakim.com\/index\/wp-content\/uploads\/2014\/09\/1-36.jpg\" title=\"\" data-fancybox=\"12\"><span class=\"image-hover\"><\/span><span class=\"image-hover-icon\"><\/span><img src=\"https:\/\/antalyamezarbakim.com\/index\/wp-content\/uploads\/2014\/09\/1-36-200x100.jpg\" height=\"100\" class=\"attachment-invent-small\" alt=\"\" title=\"\"><\/a><\/span><\/p>\n<div class=\"image-description\">\n<h5><\/h5>\n<\/div>\n<\/div>\n<div class=\"gallery-\"><span class=\"image-decoration image-left shadow-220\"><a href=\"https:\/\/antalyamezarbakim.com\/index\/wp-content\/uploads\/2014\/09\/1-37.jpg\" title=\"\" data-fancybox=\"12\"><span class=\"image-hover\"><\/span><span class=\"image-hover-icon\"><\/span><img src=\"https:\/\/antalyamezarbakim.com\/index\/wp-content\/uploads\/2014\/09\/1-37-200x100.jpg\" height=\"100\" class=\"attachment-invent-small\" alt=\"\" title=\"\"><\/a><\/span><\/p>\n<div class=\"image-description\">\n<h5><\/h5>\n<\/div>\n<\/div>\n<div class=\"gallery-\"><span class=\"image-decoration image-left shadow-220\"><a href=\"https:\/\/antalyamezarbakim.com\/index\/wp-content\/uploads\/2014\/09\/1-38.jpg\" title=\"\" data-fancybox=\"12\"><span class=\"image-hover\"><\/span><span class=\"image-hover-icon\"><\/span><img src=\"https:\/\/antalyamezarbakim.com\/index\/wp-content\/uploads\/2014\/09\/1-38-200x100.jpg\" height=\"100\" class=\"attachment-invent-small\" alt=\"\" title=\"\"><\/a><\/span><\/p>\n<div class=\"image-description\">\n<h5><\/h5>\n<\/div>\n<\/div>\n<div class=\"gallery-\"><span class=\"image-decoration image-left shadow-220\"><a href=\"https:\/\/antalyamezarbakim.com\/index\/wp-content\/uploads\/2014\/09\/1-39.jpg\" title=\"\" data-fancybox=\"12\"><span class=\"image-hover\"><\/span><span class=\"image-hover-icon\"><\/span><img src=\"https:\/\/antalyamezarbakim.com\/index\/wp-content\/uploads\/2014\/09\/1-39-200x100.jpg\" height=\"100\" class=\"attachment-invent-small\" alt=\"\" title=\"\"><\/a><\/span><\/p>\n<div class=\"image-description\">\n<h5><\/h5>\n<\/div>\n<\/div>\n<\/div>\n<\/div>\n<p style=\"text-align: justify;\">\n","protected":false},"excerpt":{"rendered":"<p>Mezar yap\u0131m\u0131 konusunda \u00f6nc\u00fc olan kurulu\u015fumuz geni\u015f bir \u00fcr\u00fcn yelpazesine sahiptir. Mezarlarda d\u0131\u015far\u0131dan g\u00f6r\u00fclmeyen vidal\u0131 montaj sistemi kullan\u0131lmaktad\u0131r. Mezarlar\u0131n zamanla a\u00e7\u0131lmas\u0131 ve bozulmas\u0131 \u00f6nlenmektedir. Mermer mezar, traverten mezar, granit mezar modellerimizle size her t\u00fcrl\u00fc \u00f6neriyi sunmaktay\u0131z\u2026 \u00d6rnek Mezar Modellerimiz<\/p>\n","protected":false},"author":1,"featured_media":0,"parent":0,"menu_order":0,"comment_status":"closed","ping_status":"open","template":"","meta":[],"_links":{"self":[{"href":"https:\/\/antalyamezarbakim.com\/index\/wp-json\/wp\/v2\/pages\/326"}],"collection":[{"href":"https:\/\/antalyamezarbakim.com\/index\/wp-json\/wp\/v2\/pages"}],"about":[{"href":"https:\/\/antalyamezarbakim.com\/index\/wp-json\/wp\/v2\/types\/page"}],"author":[{"embeddable":true,"href":"https:\/\/antalyamezarbakim.com\/index\/wp-json\/wp\/v2\/users\/1"}],"replies":[{"embeddable":true,"href":"https:\/\/antalyamezarbakim.com\/index\/wp-json\/wp\/v2\/comments?post=326"}],"version-history":[{"count":0,"href":"https:\/\/antalyamezarbakim.com\/index\/wp-json\/wp\/v2\/pages\/326\/revisions"}],"wp:attachment":[{"href":"https:\/\/antalyamezarbakim.com\/index\/wp-json\/wp\/v2\/media?parent=326"}],"curies":[{"name":"wp","href":"https:\/\/api.w.org\/{rel}","templated":true}]}}