{"id":302,"date":"2012-09-06T17:39:46","date_gmt":"2012-09-06T14:39:46","guid":{"rendered":"https:\/\/antalyamezarbakim.com\/index\/?page_id=302"},"modified":"2012-09-15T14:42:28","modified_gmt":"2012-09-15T11:42:28","slug":"hakkimizda","status":"publish","type":"page","link":"https:\/\/antalyamezarbakim.com\/index\/hakkimizda\/","title":{"rendered":"Hakk\u0131m\u0131zda"},"content":{"rendered":"<p><span class=\"image-no-decoration image-center\"><a href=\"https:\/\/antalyamezarbakim.com\/index\/wp-content\/uploads\/2012\/09\/hakkimizda1.jpg\" title=\"hakkimizda\" data-fancybox=\"image-404\"><span class=\"image-hover\"><\/span><span class=\"image-hover-icon\"><\/span><img width=\"400\" height=\"240\" src=\"https:\/\/antalyamezarbakim.com\/index\/wp-content\/uploads\/2012\/09\/hakkimizda1-400x240.jpg\" class=\"attachment-invent-big size-invent-big\" alt=\"\" loading=\"lazy\" \/><\/a><\/span><\/p>\n<p style=\"text-align: justify;\"><strong><span style=\"color: #008000;\">Co\u015fkun Mermer<\/span><\/strong> 1992 y\u0131l\u0131ndan bu g\u00fcne Antalya&#8217;da mezar yap\u0131m\u0131, bak\u0131m\u0131 ve peyzaj konusunda hizmet vermektedir. 20 y\u0131l\u0131 a\u015fk\u0131n tecr\u00fcbemiz ve g\u00fcvenilir \u00e7al\u0131\u015fma kadromuzla en iyiyi hedefleyen firmam\u0131zda alanlar\u0131nda uzman ekibimiz ile size en iyi hizmeti verebilmek i\u00e7in, \u00e7al\u0131\u015fmaktay\u0131z.<\/p>\n<p style=\"text-align: justify;\">Mezar yap\u0131m\u0131nda kulland\u0131\u011f\u0131m\u0131z farkl\u0131 tekniklerle daha kaliteli hizmet vermeyi prensip edinmi\u015f ve profesyonel kadromuzla siz de\u011ferli m\u00fc\u015fterilerimizin memnuniyeti i\u00e7in kendimizi yenilenen teknolojiye uygun \u015fekilde geli\u015ftirerek mezar yap\u0131m\u0131nda en iyiyi ama\u00e7l\u0131yoruz.<\/p>\n<p style=\"text-align: justify;\">Antalya i\u00e7i ve t\u00fcm t\u00fcrkiyeye hizmet veren firmam\u0131z\u0131 ziyeret edip hizmet kalitemizi g\u00f6rmek i\u00e7in siz de\u011ferli misafirlerimizi bekliyoruz&#8230;<\/p>\n","protected":false},"excerpt":{"rendered":"<p>Co\u015fkun Mermer 1992 y\u0131l\u0131ndan bu g\u00fcne Antalya&#8217;da mezar yap\u0131m\u0131, bak\u0131m\u0131 ve peyzaj konusunda hizmet vermektedir. 20 y\u0131l\u0131 a\u015fk\u0131n tecr\u00fcbemiz ve g\u00fcvenilir \u00e7al\u0131\u015fma kadromuzla en iyiyi hedefleyen firmam\u0131zda alanlar\u0131nda uzman ekibimiz ile size en iyi hizmeti verebilmek i\u00e7in, \u00e7al\u0131\u015fmaktay\u0131z. Mezar yap\u0131m\u0131nda kulland\u0131\u011f\u0131m\u0131z farkl\u0131 tekniklerle daha kaliteli hizmet vermeyi prensip edinmi\u015f ve profesyonel kadromuzla siz de\u011ferli m\u00fc\u015fterilerimizin [&hellip;]<\/p>\n","protected":false},"author":1,"featured_media":0,"parent":0,"menu_order":0,"comment_status":"closed","ping_status":"open","template":"","meta":[],"_links":{"self":[{"href":"https:\/\/antalyamezarbakim.com\/index\/wp-json\/wp\/v2\/pages\/302"}],"collection":[{"href":"https:\/\/antalyamezarbakim.com\/index\/wp-json\/wp\/v2\/pages"}],"about":[{"href":"https:\/\/antalyamezarbakim.com\/index\/wp-json\/wp\/v2\/types\/page"}],"author":[{"embeddable":true,"href":"https:\/\/antalyamezarbakim.com\/index\/wp-json\/wp\/v2\/users\/1"}],"replies":[{"embeddable":true,"href":"https:\/\/antalyamezarbakim.com\/index\/wp-json\/wp\/v2\/comments?post=302"}],"version-history":[{"count":0,"href":"https:\/\/antalyamezarbakim.com\/index\/wp-json\/wp\/v2\/pages\/302\/revisions"}],"wp:attachment":[{"href":"https:\/\/antalyamezarbakim.com\/index\/wp-json\/wp\/v2\/media?parent=302"}],"curies":[{"name":"wp","href":"https:\/\/api.w.org\/{rel}","templated":true}]}}