{"id":245,"date":"2012-09-06T16:50:07","date_gmt":"2012-09-06T13:50:07","guid":{"rendered":"https:\/\/antalyamezarbakim.com\/index\/?page_id=245"},"modified":"2012-09-15T14:42:24","modified_gmt":"2012-09-15T11:42:24","slug":"dini-bilgiler","status":"publish","type":"page","link":"https:\/\/antalyamezarbakim.com\/index\/dini-bilgiler\/","title":{"rendered":"Dini Bilgiler"},"content":{"rendered":"<p style=\"text-align: justify;\"><strong><span style=\"color: #672600;\">Kabir ziyareti nas\u0131l olur. Bayanlarda ziyaret edebilirmi ?<\/span><\/strong><\/p>\n<p style=\"text-align: justify;\">\u00d6l\u00fcm\u00fc hat\u0131rlamak, \u00f6l\u00fcden ibret almak ve ahireti d\u00fc\u015f\u00fcnmek i\u00e7in kabir ziyaret etmek s\u00fcnnettir. Kendisinin de ayn\u0131 hallere d\u00fc\u015fece\u011fini hat\u0131r\u0131na getirir. Kimseye k\u00f6t\u00fcl\u00fck d\u00fc\u015f\u00fcnmez. \u0130yi bir m\u00fcsl\u00fcman olarak ya\u015famaya \u00e7al\u0131\u015f\u0131r. Hanefi&#8217;de, per\u015fembe, cuma ve cumartesi g\u00fcnleri kabirleri ziyaret etmek s\u00fcnnettir. \u015eafii&#8217;de, per\u015fembe g\u00fcn\u00fc ikindiden cumartesi g\u00fcn\u00fc g\u00fcne\u015f do\u011funcaya kadar ziyaret etmek s\u00fcnnettir.<\/p>\n<p style=\"text-align: justify;\">Ziyaret edenin, \u00f6l\u00fc i\u00e7in Kur&#8217;an-\u0131 kerim okumas\u0131, ona dua etmesi gerekir. Bunlar\u0131n \u00f6l\u00fcye faydas\u0131 \u00e7ok olur. Kabristana girince, (Esselam\u00fc aleyk\u00fcm ya Ehle-daril kavmilm\u00fcminin! \u0130nna in\u015faallah\u00fc an karibin bik\u00fcm lahikun) demek s\u00fcnnettir.<\/p>\n<p style=\"text-align: justify;\"><span style=\"color: #672600;\">Hadis-i \u015ferifte buyuruldu ki:<\/span><\/p>\n<p style=\"text-align: justify;\">&#8220;Bir m\u00fcminin kabrini ziyaret ederken, Allah\u00fcmme inni esel\u00fcke-bi-h\u00fcrmeti Muhammed aleyhisselam en la t\u00fcazzibe hazelmeyyit denirse, o \u00f6l\u00fcn\u00fcn azab\u0131 k\u0131yamete kadar kald\u0131r\u0131l\u0131r.&#8221;<\/p>\n<p style=\"text-align: justify;\"><span style=\"color: #672600;\"> Yine hadis-i \u015ferifte buyuruldu ki:<\/span><\/p>\n<p style=\"text-align: justify;\">&#8220;Ana-baban\u0131n kabrini, Cuma g\u00fcnleri ziyaret eden kimsenin g\u00fcnahlar\u0131 affolur, haklar\u0131n\u0131 \u00f6demi\u015f olur.&#8221;<\/p>\n<p style=\"text-align: justify;\">Evliyay\u0131 ziyaret i\u00e7in uzak yere gitmek ve kabirlerini, bereketlenmek, yani istifade etmek niyetiyle ziyaret etmek m\u00fcstehapt\u0131r. Resulullah\u0131n m\u00fcbarek kabrini ziyaret etmek, ibadetlerin en k\u0131ymetlilerindendir.\u00a0Ziyaret ederken, kabir etraf\u0131nda tavaf etmek, kabri \u00f6pmek caiz de\u011fildir. Hindiyye&#8217;de, ana-baban\u0131n kabrini \u00f6pmenin caiz oldu\u011fu bildiriliyor. Ana-babadan daha k\u0131ymetli olan evliya veya peygamber t\u00fcrbesini \u00f6pmek de caizdir. Evliyadan, \u015fefaat etmesi, Allah\u00fc te\u00e2l\u00e2n\u0131n vermesine vesile olmas\u0131 istenir. (Kabirleri ziyaret eden kad\u0131nlara Allah lanet etsin) hadis-i \u015ferifi, a\u011flamay\u0131 yenilemek i\u00e7in kabir ziyaret eden kad\u0131nlar\u0131 kasdetmekte olup, bu cahiliyet devri \u00e2detlerindendir. (Kabirleri ziyaret etmenizi yasak etmi\u015ftim, bundan sonra ziyaret edin; zira size ahireti hat\u0131rlat\u0131r) hadis-i \u015ferifi, kad\u0131nlar\u0131n da kabir ziyaret edebilece\u011fini g\u00f6stermektedir. Kad\u0131nlar\u0131n, kapal\u0131 olarak, fitneye sebep olmadan, ara s\u0131ra kabir ziyaretleri caizdir.<\/p>\n<p style=\"text-align: justify;\">Askeri&#8217;nin bildirdi\u011fi ve M\u00fcnavi&#8217;nin (K\u00fcnuz) kitab\u0131nda yaz\u0131l\u0131 hadis-i \u015ferifte, (Yahya bin Zekeriya&#8217;n\u0131n kabrini bilseydim, ziyaret ederdim) buyuruldu.\u00a0\u015eeyh-\u00fcl-\u0130slam ibni Kemalpa\u015fazade hazretleri (Bir i\u015finizde \u015fa\u015f\u0131r\u0131rsan\u0131z \u00f6lm\u00fc\u015flerden yard\u0131m isteyiniz) hadis-i \u015ferifini a\u00e7\u0131klarken diyor ki:\u00a0Ruhun bedene ba\u011flanmas\u0131, kuvvetli bir a\u015fk ile olmu\u015ftur.\u00a0\u00d6lmek, ruhun bedenden ayr\u0131lmas\u0131 demektir.\u00a0Ruhun bedene olan sevgisi \u00f6ld\u00fckten sonra da devam eder.<\/p>\n<p style=\"text-align: justify;\"><strong><span style=\"color: #672600;\"> Evliya kabrini ziyaret:<\/span><\/strong><\/p>\n<p style=\"text-align: justify;\">B\u00fcy\u00fck bir zat\u0131n kabrini ziyaret eden kimse, ona rab\u0131ta ederse, yani d\u00fcnya i\u015flerini hi\u00e7 d\u00fc\u015f\u00fcnmeyip, kalbine hi\u00e7bir \u015fey getirmeyip, o zat\u0131n ruhunu, his organlar\u0131 ile anla\u015f\u0131lamayan bir nur farz ederek, bunu kalbinde bulundurursa, o ruhtan, kendi kalbine bir \u015feyler akmaya ba\u015flar. \u00c7\u00fcnk\u00fc, Evliyan\u0131n ruhlar\u0131, feyzlerin kayna\u011f\u0131d\u0131r. Kayna\u011f\u0131 kalbine koyan, bunun feyzine, nimetine, bilinmeyen ihsanlar\u0131na elbette kavu\u015fur. Ruhu kuvvetlenir, olgunla\u015f\u0131r.<\/p>\n<p style=\"text-align: justify;\">Kabir yan\u0131na gelince, \u00f6nce selam verilir. Kabrin sa\u011f yan\u0131na, yani k\u0131ble taraf\u0131na, ayak ucuna yak\u0131n durur. Tan\u0131d\u0131\u011f\u0131 gibi, \u015feklini, suretini hat\u0131r\u0131na getirir. Euz\u00fc ve besmele ile bir Fatiha ve 11 \u0130hlas okur. Sevab\u0131n\u0131, Resulullah efendimizin, b\u00fct\u00fcn Peygamberlerin, Eshab-\u0131 kiram\u0131n ve Evliya-i izam\u0131n ruhlar\u0131na ve bu zat\u0131n ruhuna hediye eder. Onun ruhunu, g\u00f6nl\u00fcnde bulundurur. Kalbinde bir \u015fey has\u0131l oluncaya kadar durur. Gelen kimse almas\u0131n\u0131 bilir ise, o zat da, vermeye ehil, olgun bir Veli ise ve \u015fartlar\u0131 g\u00f6zeterek beklerse, elbette bir \u015fey ele ge\u00e7er.<\/p>\n<p style=\"text-align: justify;\">Bu \u015fartlar, o zat\u0131n kendisini tan\u0131d\u0131\u011f\u0131na, selam\u0131n\u0131 i\u015fitip cevap verdi\u011fine, ruhunun, k\u00e2mil, olgun oldu\u011funa, ruhunun bir zamana ve yere ba\u011fl\u0131 olmad\u0131\u011f\u0131na, nerede hat\u0131rlarsa, orada imi\u015f gibi feyz verece\u011fine, Allah\u00fc te\u00e2l\u00e2n\u0131n, feyzini, ruhun g\u0131das\u0131n\u0131, onun ruhu ile g\u00f6nderdi\u011fine inanmakt\u0131r.<\/p>\n<p style=\"text-align: justify;\">\u00dcz\u00fcm isteyen, ba\u011fa gidip asmadan kopar\u0131r. Erik a\u011fac\u0131na gitmez. Su isteyen, kayna\u011fa, p\u0131nara, \u00e7e\u015fmeye gider. A\u011faca, sobaya gitmez. Bu\u011fday isteyen, tarlas\u0131n\u0131 s\u00fcrer, eker, bi\u00e7er. \u00c7ocuk isteyen, evlenir. \u0130la\u00e7 isteyen bir hasta, doktora ve eczaneye gider. Bakkala, avukata gitmez. Kalbin g\u0131das\u0131n\u0131, ruhun temizli\u011fini isteyen de, Evliyan\u0131n kalbine, ruhuna ba\u015fvurur. Allah\u00fc te\u00e2l\u00e2, bu nimetlerini, Evliyan\u0131n kalbinden g\u00f6ndermektedir. Her \u015feyi yaratan, g\u00f6nderen, yaln\u0131z Allah\u00fc te\u00e2l\u00e2d\u0131r. Fakat, her \u015feyi belli bir sebeple g\u00f6ndermek, Onun \u00e2detidir. Onun nimetine kavu\u015fmak isteyenin, Onun \u00e2detine uymas\u0131, sebebi aray\u0131p, bulup, \u00f6\u011frenip, Onun sebebine yap\u0131\u015fmas\u0131 laz\u0131md\u0131r. Sebepleri aramamak ve \u00f6\u011frenmek istememek, Allah\u00fc te\u00e2l\u00e2n\u0131n \u00e2detini bozmak olur. Bir kabirden feyiz almak i\u00e7in, o zata kar\u015f\u0131, diri imi\u015f gibi, edep ve sayg\u0131 g\u00f6stermek gerekir.<\/p>\n<p style=\"text-align: justify;\"><strong><span style=\"color: #672600;\"> Kabir ziyareti i\u00e7in uza\u011fa gitmek:<\/span><\/strong><\/p>\n<p style=\"text-align: justify;\">Bu hususta, din kitaplar\u0131m\u0131zdaki bilgiler \u015f\u00f6yledir:\u00a0Resulullah, Uhud \u015fehitlerini ziyaret i\u00e7in, Medine\u2019den Uhud\u2019a gelmi\u015ftir. Bundan dolay\u0131, Kabr-i saadeti ziyaret i\u00e7in, Medine\u2019ye gitmek de, elbette ibadet olur.\u00a0Uzak kabirleri ziyaret, mendubdur. Seyyid Ahmed-i Bedevi gibi Evliya zatlar, bunun i\u00e7in ziyaret edilmektedir. \u0130mam-\u0131 Gazali hazretleri, (Evliyan\u0131n Allah\u00fc tealaya yak\u0131nl\u0131klar\u0131 ayn\u0131 de\u011fildir. Ziyaret eden, her birinden farkl\u0131 faydalara kavu\u015fur) buyurdu.<\/p>\n<p style=\"text-align: justify;\">Uzak olan kabirleri de, ziyaret etmek i\u00e7in gitmek caizdir. Hele Salihleri, Velileri ziyaret i\u00e7in uzak yere gitmek s\u00fcnnettir.\u00a0Diri iken ziyaret edilen \u00e2limleri, vefat\u0131ndan sonra ziyaret etmek i\u00e7in, uzak memleketlere gitmek caizdir.&#8221;B\u00fcy\u00fck zatlar\u0131n kabrini ziyaret i\u00e7in uzak \u00fclkelere gitmemek, ba\u015fka bir i\u015fi i\u00e7in gidilince, ziyaret etmek iyi olur&#8221; da, denildi.\u00a0Resulullah\u0131n ve Evliyan\u0131n kabirlerini ziyaret ederken, kabrin neresinde durmal\u0131? K\u0131bleye mi, kabre mi d\u00f6nmeli, oturmal\u0131 m\u0131, ayakta m\u0131 durmal\u0131?<\/p>\n<p style=\"text-align: justify;\"><strong><span style=\"color: #672600;\"> \u0130mam-\u0131 a\u2019zam hazretleri buyuruyor ki:<\/span><\/strong>\u00a0Abdullah ibni \u00d6mer hazretlerinden bildirdi\u011fine g\u00f6re, Kabr-i saadeti ziyaret eden, K\u0131bleye arkas\u0131n\u0131, y\u00fcz\u00fcn\u00fc kabre d\u00f6ner. Sonra, (Esselam\u00fc aleyke eyy\u00fchen-Nebiyy\u00fc ve rahmetullahi ve berekat\u00fch) der. Kabr-i \u015ferife d\u00f6nmek ve k\u0131bleyi arkaya almak s\u00fcnnettir.(M\u00fcsned)\u00a0Ziyarette, namazda oldu\u011fu gibi, sa\u011f el sol elin \u00fcst\u00fcne konur. (R\u00fckneddin Ebu Bekr Muhammed Kirmani)\u00a0Resulullah, m\u00fcbarek kabrinde diridir. Ziyaret edenleri tan\u0131r. Hayatta iken yan\u0131na gelen, m\u00fcbarek y\u00fcz\u00fcne kar\u015f\u0131 dururdu. K\u0131ble, arkas\u0131nda kal\u0131rd\u0131. Kabr-i \u015ferifini ziyaret ederken de, elbet b\u00f6yle olacakt\u0131r. Bir kimse, Mescid-i haramda, k\u0131bleye kar\u015f\u0131 duran hocas\u0131n\u0131n veya babas\u0131n\u0131n yan\u0131na gelip bir \u015fey s\u00f6ylese, elbet buna kar\u015f\u0131 durarak s\u00f6yler. K\u00e2be, arkas\u0131nda kal\u0131r. Resulullah\u0131n m\u00fcbarek y\u00fcz\u00fcne kar\u015f\u0131 durmak, babaya, hocaya kar\u015f\u0131 durmaktan elbet daha gereklidir. D\u00f6rt mezhebin \u00e2limleri, ziyaret ederken Kabr-i \u015ferife d\u00f6nmek gerekti\u011fini s\u00f6zbirli\u011fi ile bildirdiler. (\u0130mam-\u0131 S\u00fcbki &#8211; \u015eifa-\u00fcs-sikam)<\/p>\n<p style=\"text-align: justify;\">Mescid-i \u015ferife girdi\u011finde, k\u0131bleyi arkaya almal\u0131, y\u00fcz\u00fcn\u00fc H\u00fccre-i saadete kar\u015f\u0131 d\u00f6nmelidir. Edep ve sayg\u0131 ile, selam verip, salevat-\u0131 \u015ferife okumal\u0131d\u0131r. (\u0130mam-\u0131 Malik)\u00a0Ziyaret eden, Resulullah\u0131n m\u00fcbarek ba\u015f\u0131 bulunan k\u00f6\u015feyi sol taraf\u0131na ve k\u0131bleyi sa\u011f taraf\u0131na al\u0131p, k\u00f6\u015feden iki metre kadar uzakta durmal\u0131d\u0131r. Sonra k\u0131ble duvar\u0131n\u0131 yava\u015f yava\u015f arkaya almal\u0131, tam Kabr-i saadete d\u00f6n\u00fcnce, selam vermelidir. (\u0130bni Cemaa &#8211; Menasik)\u00a0Kabir ziyaretinde, kabre kar\u015f\u0131 durularak k\u0131ble arkada b\u0131rak\u0131l\u0131r. Her kabir ziyaretinde, b\u00f6yle yap\u0131l\u0131r. (Merak\u0131l-felah)\u00a0Kabir ziyaret ederken, k\u0131bleyi arkada b\u0131rak\u0131p, \u00f6l\u00fcn\u00fcn y\u00fcz\u00fcne kar\u015f\u0131 oturup selam vermek m\u00fcstehabd\u0131r. Kabre el, y\u00fcz s\u00fcr\u00fclmez, \u00f6p\u00fclmez. (\u0130hya)\u00a0K\u0131bleyi arkada b\u0131rak\u0131p, ayak taraf\u0131nda, ayakta durmak efdaldir. (Redd-\u00fcl-muhtar)\u00a0Resulullah, Baki kabristan\u0131n\u0131 ziyaret eder, mezar yan\u0131nda ayakta dua ederdi. (M. Nasihat)\u00a0Ayakta ziyaret etmek, oturarak ziyaretten efdaldir. (\u0130bni Hacer-i Mekki)\u00a0Kabrin ayak ucunda durmak iyidir. Ba\u015f taraf\u0131nda durmak da caizdir. (S. Ebediyye)\u00a0Mezarl\u0131ktan ge\u00e7erken \u00f6l\u00fclere dua etmek gerekir mi<br \/>\n\u0130yi olur. Kendimize de \u00e7ok sevab olur.<\/p>\n<p style=\"text-align: justify;\"><span style=\"color: #672600;\">\u0130ki hadis-i \u015ferif meali \u015f\u00f6yledir:<\/span>\u00a0(Kabristana giren kimse, Yasin suresini okusa, o g\u00fcn \u00f6l\u00fclerin azaplar\u0131 hafifler; \u00f6l\u00fclerin say\u0131s\u0131 kadar, ona da sevab verilir.) [Etf\u00e2l-\u00fcl m\u00fcslimin]\u00a0(On bir ihl\u00e2s okuyup, sevab\u0131 \u00f6l\u00fclere g\u00f6nderilirse, \u00f6l\u00fclerin say\u0131s\u0131nca ona da sevab verilir.) [\u0130slam Ahlak\u0131]<\/p>\n<p style=\"text-align: justify;\"><strong><span style=\"color: #672600;\">Kabir ziyaretinde okunacak dualar:<\/span><\/strong><\/p>\n<p style=\"text-align: justify;\">Kabristana girince, ayakta, (Essel\u00e2m\u00fc aleyk\u00fcm, y\u00e2 ehle d\u00e2r-il kavm-il m\u00fcmin\u00een! \u0130nn\u00e2 in\u015f\u00e2allah\u00fc an kar\u00eebin bik\u00fcm l\u00e2hik\u00fbn) denir. Besmeleyle, 11 \u0130hl\u00e2s ve bir Fatiha\u2019dan sonra, (Allah\u00fcmme rabbel-ecsadilb\u00e2liyeh, vel-\u0131z\u00e2min nahiretillet\u00ee harecet minedd\u00fcnya ve hiye bike m\u00fc\u2019minet\u00fcn, edh\u0131l aleyh\u00e2 revhan min indike ve selamen minn\u00ee) duas\u0131n\u0131 okumal\u0131. Kabrin yan\u0131na gelince, kabrin k\u0131ble ve ayak taraf\u0131ndan yakla\u015f\u0131p selam vermeli. Ayakta, \u00e7\u00f6melerek veya oturup, Bekara suresinin ba\u015f\u0131n\u0131 ve sonunu, Yasin-i \u015ferif, Tebareke, Tekas\u00fcr, \u0130hlas ve Fatiha surelerini okuyup, \u00f6l\u00fcye hediye etmelidir.<\/p>\n","protected":false},"excerpt":{"rendered":"<p>Kabir ziyareti nas\u0131l olur. Bayanlarda ziyaret edebilirmi ? \u00d6l\u00fcm\u00fc hat\u0131rlamak, \u00f6l\u00fcden ibret almak ve ahireti d\u00fc\u015f\u00fcnmek i\u00e7in kabir ziyaret etmek s\u00fcnnettir. Kendisinin de ayn\u0131 hallere d\u00fc\u015fece\u011fini hat\u0131r\u0131na getirir. Kimseye k\u00f6t\u00fcl\u00fck d\u00fc\u015f\u00fcnmez. \u0130yi bir m\u00fcsl\u00fcman olarak ya\u015famaya \u00e7al\u0131\u015f\u0131r. Hanefi&#8217;de, per\u015fembe, cuma ve cumartesi g\u00fcnleri kabirleri ziyaret etmek s\u00fcnnettir. \u015eafii&#8217;de, per\u015fembe g\u00fcn\u00fc ikindiden cumartesi g\u00fcn\u00fc g\u00fcne\u015f do\u011funcaya [&hellip;]<\/p>\n","protected":false},"author":1,"featured_media":0,"parent":0,"menu_order":0,"comment_status":"closed","ping_status":"open","template":"","meta":[],"_links":{"self":[{"href":"https:\/\/antalyamezarbakim.com\/index\/wp-json\/wp\/v2\/pages\/245"}],"collection":[{"href":"https:\/\/antalyamezarbakim.com\/index\/wp-json\/wp\/v2\/pages"}],"about":[{"href":"https:\/\/antalyamezarbakim.com\/index\/wp-json\/wp\/v2\/types\/page"}],"author":[{"embeddable":true,"href":"https:\/\/antalyamezarbakim.com\/index\/wp-json\/wp\/v2\/users\/1"}],"replies":[{"embeddable":true,"href":"https:\/\/antalyamezarbakim.com\/index\/wp-json\/wp\/v2\/comments?post=245"}],"version-history":[{"count":0,"href":"https:\/\/antalyamezarbakim.com\/index\/wp-json\/wp\/v2\/pages\/245\/revisions"}],"wp:attachment":[{"href":"https:\/\/antalyamezarbakim.com\/index\/wp-json\/wp\/v2\/media?parent=245"}],"curies":[{"name":"wp","href":"https:\/\/api.w.org\/{rel}","templated":true}]}}