{"id":224,"date":"2012-09-06T16:36:14","date_gmt":"2012-09-06T13:36:14","guid":{"rendered":"https:\/\/antalyamezarbakim.com\/index\/?page_id=224"},"modified":"2012-09-15T14:42:48","modified_gmt":"2012-09-15T11:42:48","slug":"mezar-tasi-yazilari","status":"publish","type":"page","link":"https:\/\/antalyamezarbakim.com\/index\/mezar-tasi-yazilari\/","title":{"rendered":"Mezar Ta\u015f\u0131 Yaz\u0131lar\u0131"},"content":{"rendered":"<div class=\"column-1-3\">\n<p>1) D\u00fcnyan\u0131n En \u0130yi Babas\u0131n\u0131<br \/>\nHep Kalbimizde Ya\u015fataca\u011f\u0131z.<br \/>\nE\u015fin ve \u00c7ocuklar\u0131n.<\/p>\n<\/div>\n<div class=\"column-1-3\">\n<p>2) Sen Her Zaman Bizim<br \/>\nY\u00fcre\u011fimizde D\u00fc\u015f\u00fcncemizde<br \/>\nSofram\u0131zda ve Yan\u0131 ba\u015f\u0131m\u0131zda Olacaks\u0131n. Seni \u00c7ok Seviyoru (m -z ) E\u015fin ve \u2026.<\/p>\n<\/div>\n<div class=\"column-1-3 column-last\">\n<p>3) Kalbin Nurla Dolsun<br \/>\nMekan\u0131n Cennet Olsun<br \/>\nSeni Hi\u00e7 Unutmayaca\u011f\u0131z.<br \/>\nE\u015fin ve \u00c7ocuklar\u0131n.<\/p>\n<\/div>\n<div class=\"clear\"><\/div>\n<div class=\"hr7\"><\/div>\n<div class=\"column-1-3\">\n<p>4) Ey G\u00fczel \u0130nsan<br \/>\nFedak\u00e2r Annemiz<br \/>\nSeni Seviyoruz ve \u00d6zl\u00fcyoruz<br \/>\nHuzur \u0130\u00e7inde Yat<\/p>\n<\/div>\n<div class=\"column-1-3\">\n<p>5) Babac\u0131\u011f\u0131m<br \/>\nSen Kalbimizdesin<br \/>\nHuzur \u0130\u00e7inde Yat<\/p>\n<\/div>\n<div class=\"column-1-3 column-last\">\n<p>6) \u0130yi Bir Baba<br \/>\n\u0130yi Bir Dedeydin<br \/>\nSeni Hi\u00e7 Unutmayaca\u011f\u0131z<br \/>\nAilen<\/p>\n<\/div>\n<div class=\"clear\"><\/div>\n<div class=\"hr7\"><\/div>\n<div class=\"column-1-3\">\n<p>7) G\u00f6nl\u00fcn Gibi Topra\u011f\u0131n Bol<br \/>\nMekan\u0131n Cennet Olsun.<\/p>\n<\/div>\n<div class=\"column-1-3\">\n<p>8) Ac\u0131s\u0131 Y\u00fcre\u011fimizden<br \/>\nSevgin Kalbimizden<br \/>\nHi\u00e7 Eksilmeyecek<br \/>\n\u00c7ocuklar\u0131n<\/p>\n<\/div>\n<div class=\"column-1-3 column-last\">\n<p>9) Ne Ac\u0131 Bakars\u0131n Bana<br \/>\nBug\u00fcn Yabanc\u0131 M\u0131 Geldim Sana<br \/>\nBug\u00fcn Bana Yar\u0131n Sana<br \/>\nBir Fatiha Okusana<\/p>\n<\/div>\n<div class=\"clear\"><\/div>\n<div class=\"hr7\"><\/div>\n<div class=\"column-1-3\">\n<p>10) Bir Tanemiz Seni Unutmayaca\u011f\u0131z<br \/>\nE\u015fin \u00c7ocuklar\u0131n Torunlar\u0131n<\/p>\n<\/div>\n<div class=\"column-1-3\">\n<p>11) Hayat\u0131n\u0131 Bize Adam\u0131\u015f Olan<br \/>\nAnnelerin En G\u00fczeli En Fedak\u00e2r\u0131<br \/>\nHer Zaman Seninleyiz. Rahat Uyu<br \/>\nSeni Hi\u00e7bir Zaman Unutmayaca\u011f\u0131z<br \/>\nRuhun \u015eaad Olsun.<\/p>\n<\/div>\n<div class=\"column-1-3 column-last\">\n<p>12) Sen \u00d6lmedin<br \/>\nKalbimizde Ya\u015f\u0131yorsun<br \/>\nSeni Seven E\u015fin<br \/>\nVe \u00c7ocuklar\u0131n.<\/p>\n<\/div>\n<div class=\"clear\"><\/div>\n<div class=\"hr7\"><\/div>\n<div class=\"column-1-3\">\n<p>13) Sevgili Annemiz<br \/>\nSeni Hi\u00e7 Unutmayaca\u011f\u0131z<br \/>\nHer Zaman Kalbimizdesin<br \/>\n\u00c7ocuklar\u0131n ve Torunlar\u0131n<\/p>\n<\/div>\n<div class=\"column-1-3\">\n<p>14) Bir Tanecik Annemiz<br \/>\nTopra\u011f\u0131n Bol<br \/>\nMekan\u0131n Cennet Olsun<br \/>\nO\u011fullar\u0131n<\/p>\n<\/div>\n<div class=\"column-1-3 column-last\">\n<p>15) \u00d6nce Hayallerin \u00d6ld\u00fc<br \/>\nSonra G\u00fczelliklerin<br \/>\nSanma ki Unutuldun<br \/>\nKalbimizde Sonsuz Yerin<br \/>\nAilen<\/p>\n<\/div>\n<div class=\"clear\"><\/div>\n<div class=\"hr7\"><\/div>\n<div class=\"column-1-3\">\n<p>16) Can\u0131m Seni \u00c7ok \u00d6zl\u00fcyoruz<br \/>\nSen Hep Bizimlesin<br \/>\nE\u015fin ve O\u011fullar\u0131n.<\/p>\n<\/div>\n<div class=\"column-1-3\">\n<p>17) Bir Koca \u00c7\u0131nar Daha Gitti<br \/>\nBir Tarih Daha Bitti<br \/>\nTopra\u011f\u0131n Bol<br \/>\nMek\u00e2n\u0131n Cennet Olsun.<\/p>\n<\/div>\n<div class=\"column-1-3 column-last\">\n<p>18) Sevgili Babam\u0131z<br \/>\nNerede Olursan Ol<br \/>\nHer Zaman Yan\u0131m\u0131zda<br \/>\nDaima Kalbimizdesin<br \/>\nSeni \u00c7ok Seviyoruz.<\/p>\n<\/div>\n<div class=\"clear\"><\/div>\n<div class=\"hr7\"><\/div>\n<div class=\"column-1-3\">\n<p>19) Ac\u0131s\u0131 \u0130\u00e7imizde Dinmeyen<br \/>\nD\u00fcnyada \u00c7ilesiz G\u00fcn\u00fc Ge\u00e7meyen<br \/>\nBir g\u00fcn Y\u00fcz\u00fc G\u00fclmeyen<br \/>\nAnnemiz<br \/>\nMek\u00e2n\u0131n Cennet Olsun.<\/p>\n<\/div>\n<div class=\"column-1-3\">\n<p>20) Yoklu\u011funa Al\u0131\u015famad\u0131k<br \/>\nAsl\u0131nda Sana Hi\u00e7 Doyamad\u0131k<br \/>\nSensiz Ya\u015famak Ne Kadar Zor<br \/>\nAyr\u0131l\u0131k Ac\u0131s\u0131n\u0131 Bizlere Sor<br \/>\nYa\u015fad\u0131k\u00e7a Seni Unutmayaca\u011f\u0131z<br \/>\nAilen<\/p>\n<\/div>\n<div class=\"column-1-3 column-last\">\n<p>21) \u00d6l\u00fcm Beni Erken Ald\u0131<br \/>\nKalanlar\u0131 Yasa Sald\u0131<br \/>\nKendim Burada Olamasam da<br \/>\nG\u00f6zlerim Yolda Kald\u0131<br \/>\nOkursunuz Ta\u015f\u0131mda<br \/>\nS\u00f6nd\u00fcm Gen Ya\u015f\u0131mda<br \/>\nBeni Rahmetle An\u0131n<br \/>\nA\u011flamay\u0131n Ba\u015f\u0131mda.<\/p>\n<\/div>\n<div class=\"clear\"><\/div>\n<div class=\"hr7\"><\/div>\n<div class=\"column-1-3\">\n<p>22) Sen \u00c7ok \u0130yi Bir E\u015f<br \/>\n\u00c7ok \u0130yi Bir Babayd\u0131n<br \/>\nSeni \u00c7ok \u00d6zl\u00fcyoruz<br \/>\nMek\u00e2n\u0131n Cennet Olsun<br \/>\nAilen.<\/p>\n<\/div>\n<div class=\"column-1-3\">\n<p>23) Sevgili Babam\u0131z<br \/>\nSen Rahat Uyu<\/p>\n<\/div>\n<div class=\"column-1-3 column-last\">\n<p>24) Aram\u0131zdan Ayr\u0131l\u0131\u015f\u0131n<br \/>\nBizleri \u00c7ok \u00dczd\u00fc<br \/>\nMek\u00e2n\u0131n Cennet Olsun<br \/>\nRuhun Huzur Dolsun<br \/>\nSeni Seven Ailen<\/p>\n<\/div>\n<div class=\"clear\"><\/div>\n<div class=\"hr7\"><\/div>\n<div class=\"column-1-3\">\n<p>25) Seni Her Zaman<br \/>\nSeviyoruz. E\u015fin.<\/p>\n<\/div>\n<div class=\"column-1-3\">\n<p>26) Seni Seven<br \/>\nAnnen ve Baban<\/p>\n<\/div>\n<div class=\"column-1-3 column-last\">\n<p>27) Seni Seviyor ve<br \/>\nUnutmayaca\u011f\u0131z<br \/>\nE\u015fin, K\u0131z\u0131n ve Ailen<\/p>\n<\/div>\n<div class=\"clear\"><\/div>\n<div class=\"hr7\"><\/div>\n<div class=\"column-1-3\">\n<p>28) G\u00f6nl\u00fcn Gibi Topra\u011f\u0131n Bol<br \/>\nMek\u00e2n\u0131n Cennet Olsun.<\/p>\n<\/div>\n<div class=\"column-1-3\">\n<p>29) Seni Art\u0131k G\u00f6nl\u00fcm\u00fczde<br \/>\nYa\u015fataca\u011f\u0131z<br \/>\nTopra\u011f\u0131n Bol Olsun.<\/p>\n<\/div>\n<div class=\"column-1-3 column-last\">\n<p>30) Ya\u015fam \u00d6zlemsiz<br \/>\n\u00d6zlem Sevgisiz<br \/>\nSevgide Sensiz Olamaz<br \/>\nSevgili Babam\u0131z.<\/p>\n<\/div>\n<div class=\"clear\"><\/div>\n<div class=\"hr7\"><\/div>\n<div class=\"column-1-3\">\n<p>31) Babalar\u0131n Babas\u0131<br \/>\nK\u0131yamet G\u00fcn\u00fc y\u00fcz\u00fcn Ak<br \/>\nBine\u011fin Burak<br \/>\nYedi Cehennem Senden Uzak<br \/>\nSekiz Cennet Sana Durak Olsun<br \/>\nMekan\u0131n Cennet Olsun.<\/p>\n<\/div>\n<div class=\"column-1-3\">\n<p>32) Y\u0131llar Sonra Kavu\u015fmu\u015fken<br \/>\nAyr\u0131l\u0131k Tez Geldi Aniden<br \/>\nTez Gelen Ayr\u0131l\u0131k De\u011fildi<br \/>\nGelen \u00d6l\u00fcmd\u00fc Sinsiden<br \/>\nG\u00fcle Oynaya Yollad\u0131k<br \/>\nGeleceksin Diye Yeniden<br \/>\nGelen Sen De\u011fil Haberindi<br \/>\n\u00d6ld\u00fc Dediler Aniden<br \/>\nSeni Unutmayaca\u011f\u0131z<br \/>\nAilen.<\/p>\n<\/div>\n<div class=\"column-1-3 column-last\">\n<p>33) Yuvan\u0131 ve Aileni \u00c7ok Severdin<br \/>\nKalbin Nur<br \/>\nMekan\u0131n Cennet Olsun.<\/p>\n<\/div>\n<div class=\"clear\"><\/div>\n<div class=\"hr7\"><\/div>\n<div class=\"column-1-3\">\n<p>34) Baba Ac\u0131n Y\u00fcre\u011fimizde<br \/>\nSevgin Kalbimizde<br \/>\nMek\u00e2n\u0131n Cennet<br \/>\nKalbin Nurla Dolsun<br \/>\nSeni Hi\u00e7 unutmayaca\u011f\u0131z.<\/p>\n<\/div>\n<div class=\"column-1-3\">\n<p>35) Unutulanlar<br \/>\nUnutanlar\u0131 Asla Unutmaz<br \/>\nSen Unutulamazs\u0131n.<\/p>\n<\/div>\n<div class=\"column-1-3 column-last\">\n<p>36) Ey Yolcu D\u00fc\u015fen Yolcu<br \/>\nG\u00f6r\u00fcyorsun Sonucu<br \/>\nBu Ta\u015fa \u0130bretle Bak<br \/>\nD\u00f6n\u00fcp Bir Fatiha B\u0131rak.<\/p>\n<\/div>\n<div class=\"clear\"><\/div>\n<div class=\"hr7\"><\/div>\n<div class=\"column-1-3\">\n<p>37) Bu D\u00fcnyadan Gider Oldun<br \/>\nKalanlara Selam Olsun<br \/>\nBenim \u0130\u00e7in Hay\u0131r Dua<br \/>\nEdenlere Selam Olsun.<\/p>\n<\/div>\n<div class=\"column-1-3\">\n<p>38) Can\u0131m Annem<br \/>\nSeni \u00c7ok \u00d6zl\u00fcyoruz<br \/>\nKalbimizdesin<br \/>\nNur \u0130\u00e7inde Yat<br \/>\n\u00c7ocuklar\u0131n.<\/p>\n<\/div>\n<div class=\"column-1-3 column-last\">\n<p>39) Ac\u0131 Y\u00fcre\u011fimizden<br \/>\nSevgin Kalbimizden<br \/>\nHi\u00e7 Eksilmeyecek<br \/>\nE\u015fin ve \u00c7ocuklar\u0131n<\/p>\n<\/div>\n<div class=\"clear\"><\/div>\n<div class=\"hr7\"><\/div>\n<div class=\"column-1-3\">\n<p>40) D\u00fcnya Bir De\u011firmendir<br \/>\nDaima D\u00f6ner<br \/>\n\u0130nsan Bir Fenerdir<br \/>\nAns\u0131z\u0131n S\u00f6ner.<\/p>\n<\/div>\n<div class=\"column-1-3\">\n<p>41) Mezar\u0131m\u0131 Derin Edin<br \/>\nSu Serpin Serin Edin<br \/>\nSana Diyorum Ben \u2026.<br \/>\nBir K\u0131z\u0131m\u0131 Gelin Edin.<\/p>\n<\/div>\n<div class=\"column-1-3 column-last\">\n<p>42) Gelip Gittin Yel Gibi<br \/>\nSolup Gittin G\u00fcl Gibi<br \/>\nAk\u0131p Gittin Sel Gibi<br \/>\nVar M\u0131 D\u00fcnyada Sen Gibi.<\/p>\n<\/div>\n<div class=\"clear\"><\/div>\n<div class=\"hr7\"><\/div>\n<div class=\"column-1-3\">\n<p>43) \u00d6lsen Bile Seni B\u0131rakmay\u0131z<br \/>\nKefen Olur Bedenini Sarar\u0131z<br \/>\nYa\u011fmur Olur \u00dczerine Ya\u011far\u0131z<br \/>\n\u00c7i\u00e7ek Olur Mezar\u0131nda A\u00e7ar\u0131z<br \/>\nSen Daima Kalbimizdesin<br \/>\nMek\u00e2n\u0131n Cennet Olsun.<br \/>\nSeni \u00c7ok Seven<br \/>\nAilen.<\/p>\n<\/div>\n<div class=\"column-1-3\">\n<p>44) Can\u0131m Annem<br \/>\nSen Yan\u0131mda De\u011fildin Ama<br \/>\nHer Zaman Kan\u0131mda<br \/>\nCan\u0131mda ve Hayat\u0131ndayd\u0131n<br \/>\nSeni \u00c7ok \u00d6zl\u00fcyorum<br \/>\nNur \u0130\u00e7inde Yat<br \/>\nK\u0131z\u0131n<\/p>\n<\/div>\n<div class=\"column-1-3 column-last\">\n<p>45) Birlikte Ge\u00e7irdi\u011fimiz<br \/>\nY\u0131llar\u0131n An\u0131s\u0131 Hep<br \/>\nBizimle Ya\u015fayacak<br \/>\nYa\u015fad\u0131k\u00e7a Seni<br \/>\nHat\u0131rlayaca\u011f\u0131z.<\/p>\n<\/div>\n<div class=\"clear\"><\/div>\n<div class=\"hr7\"><\/div>\n<div class=\"column-1-3\">\n<p>46) Sevgi Dolu Kocaman<br \/>\nY\u00fcre\u011fi Kaybettik<br \/>\nAc\u0131n \u0130\u00e7imizde Kor Gibi Ate\u015f<br \/>\nSeni \u00c7ok \u00d6zl\u00fcyoruz<br \/>\nG\u00fczel Annem.<\/p>\n<\/div>\n<div class=\"column-1-3\">\n<p>47) \u015eiire A\u015fka ve \u00d6l\u00fcme \u0130nan\u0131yorum<br \/>\nBu Nedenle de \u00d6l\u00fcms\u00fczl\u00fc\u011fe<br \/>\nSeni \u00c7ok Seviyorum.<\/p>\n<\/div>\n<div class=\"column-1-3 column-last\">\n<p>48) Ac\u0131 Y\u00fcre\u011fimizden<br \/>\nSevgi kalbimizden<br \/>\nHi\u00e7 eksilmeyecek<br \/>\nRuhun \u015ead Olsun<br \/>\nMek\u00e2n\u0131n Cennet Olsun.<\/p>\n<\/div>\n<div class=\"clear\"><\/div>\n<div class=\"hr7\"><\/div>\n<div class=\"column-1-3\">\n<p>49) Benim Olsa Bu D\u00fcnya<br \/>\nKurtulu\u015fa \u00c7\u00f6z\u00fcm Yok<br \/>\nBir Dua Bekliyorum<br \/>\nBa\u015fka \u015eeyde G\u00f6z\u00fcm Yok<br \/>\nRuhuna Fatiha.<\/p>\n<\/div>\n<div class=\"column-1-3\">\n<p>50) Sevgili Annemiz<br \/>\nB\u0131rak\u0131p Gittin Bizi<br \/>\nSeni unuttuk Sanma<br \/>\nZaman Al\u0131\u015fmay\u0131 \u00d6\u011fretir<br \/>\nAma Unutmay\u0131 Asla.<\/p>\n<\/div>\n<div class=\"column-1-3 column-last\"><\/div>\n<div class=\"clear\"><\/div>\n<div class=\"hr7\"><\/div>\n","protected":false},"excerpt":{"rendered":"","protected":false},"author":1,"featured_media":0,"parent":0,"menu_order":0,"comment_status":"closed","ping_status":"open","template":"","meta":[],"_links":{"self":[{"href":"https:\/\/antalyamezarbakim.com\/index\/wp-json\/wp\/v2\/pages\/224"}],"collection":[{"href":"https:\/\/antalyamezarbakim.com\/index\/wp-json\/wp\/v2\/pages"}],"about":[{"href":"https:\/\/antalyamezarbakim.com\/index\/wp-json\/wp\/v2\/types\/page"}],"author":[{"embeddable":true,"href":"https:\/\/antalyamezarbakim.com\/index\/wp-json\/wp\/v2\/users\/1"}],"replies":[{"embeddable":true,"href":"https:\/\/antalyamezarbakim.com\/index\/wp-json\/wp\/v2\/comments?post=224"}],"version-history":[{"count":0,"href":"https:\/\/antalyamezarbakim.com\/index\/wp-json\/wp\/v2\/pages\/224\/revisions"}],"wp:attachment":[{"href":"https:\/\/antalyamezarbakim.com\/index\/wp-json\/wp\/v2\/media?parent=224"}],"curies":[{"name":"wp","href":"https:\/\/api.w.org\/{rel}","templated":true}]}}