{"id":213,"date":"2012-09-06T16:29:51","date_gmt":"2012-09-06T13:29:51","guid":{"rendered":"https:\/\/antalyamezarbakim.com\/index\/?page_id=213"},"modified":"2012-09-15T14:41:53","modified_gmt":"2012-09-15T11:41:53","slug":"bastasi-modelleri","status":"publish","type":"page","link":"https:\/\/antalyamezarbakim.com\/index\/bastasi-modelleri\/","title":{"rendered":"Ba\u015fta\u015f\u0131 Modelleri"},"content":{"rendered":"<div class=\"invent-gallery no-js\">\n<div class=\"portfolio-1-4\">\n<div class=\"gallery-\"><span class=\"image-decoration image-left shadow-220\"><a href=\"https:\/\/antalyamezarbakim.com\/index\/wp-content\/uploads\/2012\/09\/110.jpg\" title=\"\" data-fancybox=\"8\"><span class=\"image-hover\"><\/span><span class=\"image-hover-icon\"><\/span><img src=\"https:\/\/antalyamezarbakim.com\/index\/wp-content\/uploads\/2012\/09\/110-200x100.jpg\" height=\"100\" class=\"attachment-invent-small\" alt=\"\" title=\"\"><\/a><\/span><\/p>\n<div class=\"image-description\">\n<h5><\/h5>\n<\/div>\n<\/div>\n<div class=\"gallery-\"><span class=\"image-decoration image-left shadow-220\"><a href=\"https:\/\/antalyamezarbakim.com\/index\/wp-content\/uploads\/2012\/09\/28.jpg\" title=\"\" data-fancybox=\"8\"><span class=\"image-hover\"><\/span><span class=\"image-hover-icon\"><\/span><img src=\"https:\/\/antalyamezarbakim.com\/index\/wp-content\/uploads\/2012\/09\/28-200x100.jpg\" height=\"100\" class=\"attachment-invent-small\" alt=\"\" title=\"\"><\/a><\/span><\/p>\n<div class=\"image-description\">\n<h5><\/h5>\n<\/div>\n<\/div>\n<div class=\"gallery-\"><span class=\"image-decoration image-left shadow-220\"><a href=\"https:\/\/antalyamezarbakim.com\/index\/wp-content\/uploads\/2012\/09\/39.jpg\" title=\"\" data-fancybox=\"8\"><span class=\"image-hover\"><\/span><span class=\"image-hover-icon\"><\/span><img src=\"https:\/\/antalyamezarbakim.com\/index\/wp-content\/uploads\/2012\/09\/39-200x100.jpg\" height=\"100\" class=\"attachment-invent-small\" alt=\"\" title=\"\"><\/a><\/span><\/p>\n<div class=\"image-description\">\n<h5><\/h5>\n<\/div>\n<\/div>\n<div class=\"gallery-\"><span class=\"image-decoration image-left shadow-220\"><a href=\"https:\/\/antalyamezarbakim.com\/index\/wp-content\/uploads\/2012\/09\/49.jpg\" title=\"\" data-fancybox=\"8\"><span class=\"image-hover\"><\/span><span class=\"image-hover-icon\"><\/span><img src=\"https:\/\/antalyamezarbakim.com\/index\/wp-content\/uploads\/2012\/09\/49-200x100.jpg\" height=\"100\" class=\"attachment-invent-small\" alt=\"\" title=\"\"><\/a><\/span><\/p>\n<div class=\"image-description\">\n<h5><\/h5>\n<\/div>\n<\/div>\n<div class=\"gallery-\"><span class=\"image-decoration image-left shadow-220\"><a href=\"https:\/\/antalyamezarbakim.com\/index\/wp-content\/uploads\/2012\/09\/57.jpg\" title=\"\" data-fancybox=\"8\"><span class=\"image-hover\"><\/span><span class=\"image-hover-icon\"><\/span><img src=\"https:\/\/antalyamezarbakim.com\/index\/wp-content\/uploads\/2012\/09\/57-200x100.jpg\" height=\"100\" class=\"attachment-invent-small\" alt=\"\" title=\"\"><\/a><\/span><\/p>\n<div class=\"image-description\">\n<h5><\/h5>\n<\/div>\n<\/div>\n<div class=\"gallery-\"><span class=\"image-decoration image-left shadow-220\"><a href=\"https:\/\/antalyamezarbakim.com\/index\/wp-content\/uploads\/2012\/09\/66.jpg\" title=\"\" data-fancybox=\"8\"><span class=\"image-hover\"><\/span><span class=\"image-hover-icon\"><\/span><img src=\"https:\/\/antalyamezarbakim.com\/index\/wp-content\/uploads\/2012\/09\/66-200x100.jpg\" height=\"100\" class=\"attachment-invent-small\" alt=\"\" title=\"\"><\/a><\/span><\/p>\n<div class=\"image-description\">\n<h5><\/h5>\n<\/div>\n<\/div>\n<div class=\"gallery-\"><span class=\"image-decoration image-left shadow-220\"><a href=\"https:\/\/antalyamezarbakim.com\/index\/wp-content\/uploads\/2012\/09\/77.jpg\" title=\"\" data-fancybox=\"8\"><span class=\"image-hover\"><\/span><span class=\"image-hover-icon\"><\/span><img src=\"https:\/\/antalyamezarbakim.com\/index\/wp-content\/uploads\/2012\/09\/77-200x100.jpg\" height=\"100\" class=\"attachment-invent-small\" alt=\"\" title=\"\"><\/a><\/span><\/p>\n<div class=\"image-description\">\n<h5><\/h5>\n<\/div>\n<\/div>\n<div class=\"gallery-\"><span class=\"image-decoration image-left shadow-220\"><a href=\"https:\/\/antalyamezarbakim.com\/index\/wp-content\/uploads\/2012\/09\/87.jpg\" title=\"\" data-fancybox=\"8\"><span class=\"image-hover\"><\/span><span class=\"image-hover-icon\"><\/span><img src=\"https:\/\/antalyamezarbakim.com\/index\/wp-content\/uploads\/2012\/09\/87-200x100.jpg\" height=\"100\" class=\"attachment-invent-small\" alt=\"\" title=\"\"><\/a><\/span><\/p>\n<div class=\"image-description\">\n<h5><\/h5>\n<\/div>\n<\/div>\n<div class=\"gallery-\"><span class=\"image-decoration image-left shadow-220\"><a href=\"https:\/\/antalyamezarbakim.com\/index\/wp-content\/uploads\/2012\/09\/97.jpg\" title=\"\" data-fancybox=\"8\"><span class=\"image-hover\"><\/span><span class=\"image-hover-icon\"><\/span><img src=\"https:\/\/antalyamezarbakim.com\/index\/wp-content\/uploads\/2012\/09\/97-200x100.jpg\" height=\"100\" class=\"attachment-invent-small\" alt=\"\" title=\"\"><\/a><\/span><\/p>\n<div class=\"image-description\">\n<h5><\/h5>\n<\/div>\n<\/div>\n<div class=\"gallery-\"><span class=\"image-decoration image-left shadow-220\"><a href=\"https:\/\/antalyamezarbakim.com\/index\/wp-content\/uploads\/2012\/09\/100.jpg\" title=\"\" data-fancybox=\"8\"><span class=\"image-hover\"><\/span><span class=\"image-hover-icon\"><\/span><img src=\"https:\/\/antalyamezarbakim.com\/index\/wp-content\/uploads\/2012\/09\/100-200x100.jpg\" height=\"100\" class=\"attachment-invent-small\" alt=\"\" title=\"\"><\/a><\/span><\/p>\n<div class=\"image-description\">\n<h5><\/h5>\n<\/div>\n<\/div>\n<\/div>\n<\/div>\n","protected":false},"excerpt":{"rendered":"","protected":false},"author":1,"featured_media":0,"parent":0,"menu_order":0,"comment_status":"closed","ping_status":"open","template":"","meta":[],"_links":{"self":[{"href":"https:\/\/antalyamezarbakim.com\/index\/wp-json\/wp\/v2\/pages\/213"}],"collection":[{"href":"https:\/\/antalyamezarbakim.com\/index\/wp-json\/wp\/v2\/pages"}],"about":[{"href":"https:\/\/antalyamezarbakim.com\/index\/wp-json\/wp\/v2\/types\/page"}],"author":[{"embeddable":true,"href":"https:\/\/antalyamezarbakim.com\/index\/wp-json\/wp\/v2\/users\/1"}],"replies":[{"embeddable":true,"href":"https:\/\/antalyamezarbakim.com\/index\/wp-json\/wp\/v2\/comments?post=213"}],"version-history":[{"count":0,"href":"https:\/\/antalyamezarbakim.com\/index\/wp-json\/wp\/v2\/pages\/213\/revisions"}],"wp:attachment":[{"href":"https:\/\/antalyamezarbakim.com\/index\/wp-json\/wp\/v2\/media?parent=213"}],"curies":[{"name":"wp","href":"https:\/\/api.w.org\/{rel}","templated":true}]}}