{"id":161,"date":"2012-09-06T15:54:52","date_gmt":"2012-09-06T12:54:52","guid":{"rendered":"https:\/\/antalyamezarbakim.com\/index\/?page_id=161"},"modified":"2012-09-15T14:42:20","modified_gmt":"2012-09-15T11:42:20","slug":"ciceklendirme","status":"publish","type":"page","link":"https:\/\/antalyamezarbakim.com\/index\/ciceklendirme\/","title":{"rendered":"\u00c7i\u00e7eklendirme"},"content":{"rendered":"<h4 style=\"text-align: center;\"><span style=\"color: #672600;\">\u00c7i\u00e7eklendirme Nedir ? Nas\u0131l Yap\u0131l\u0131r ?<\/span><\/h4>\n<p style=\"text-align: justify;\">Peyzaj mimar\u0131m\u0131z taraf\u0131ndan s\u00fcrekli denetlenen bah\u00e7ivanlar\u0131m\u0131z mezar\u0131m\u0131z\u0131 mevsimine uygun \u00e7i\u00e7eklerle \u00e7i\u00e7eklendirir, yer \u00f6rt\u00fcc\u00fc uzun y\u0131llar kullan\u0131labilecek bitkiler ile mezara yemye\u015fil bir g\u00f6r\u00fcn\u00fcm verilmesini sa\u011flar. Bu i\u015flem ard\u0131ndan mevsimin her d\u00f6neminde mezar\u0131n rengarenk g\u00f6r\u00fcn\u00fcm\u00fcn\u00fc sa\u011flamak ve ho\u015f koku yaymak i\u00e7in mevsimlik \u00e7i\u00e7ekler dikilir ve periyodik bak\u0131mlar\u0131 yap\u0131l\u0131r.<\/p>\n<h3 style=\"text-align: center;\"><span style=\"color: #672600;\">Yaz Mevsimine Uygun \u00c7i\u00e7ekler<\/span><\/h3>\n<p style=\"text-align: center;\">Yaz mevsimine uygun \u00e7i\u00e7eklerimizden se\u00e7im yapabilirsiniz.<\/p>\n<div class=\"invent-gallery no-js\">\n<div class=\"portfolio-1-4\">\n<div class=\"gallery-\"><span class=\"image-decoration image-left shadow-220\"><a href=\"https:\/\/antalyamezarbakim.com\/index\/wp-content\/uploads\/2012\/09\/17.jpg\" title=\"A\u00e7elya\" data-fancybox=\"5\"><span class=\"image-hover\"><\/span><span class=\"image-hover-icon\"><\/span><img src=\"https:\/\/antalyamezarbakim.com\/index\/wp-content\/uploads\/2012\/09\/17-200x100.jpg\" height=\"100\" class=\"attachment-invent-small\" alt=\"A\u00e7elya\" title=\"A\u00e7elya\"><\/a><\/span><\/p>\n<div class=\"image-description\">\n<h5>A\u00e7elya<\/h5>\n<\/div>\n<\/div>\n<div class=\"gallery-\"><span class=\"image-decoration image-left shadow-220\"><a href=\"https:\/\/antalyamezarbakim.com\/index\/wp-content\/uploads\/2012\/09\/25.jpg\" title=\"Aslan A\u011fz\u0131\" data-fancybox=\"5\"><span class=\"image-hover\"><\/span><span class=\"image-hover-icon\"><\/span><img src=\"https:\/\/antalyamezarbakim.com\/index\/wp-content\/uploads\/2012\/09\/25-200x100.jpg\" height=\"100\" class=\"attachment-invent-small\" alt=\"Aslan A\u011fz\u0131\" title=\"Aslan A\u011fz\u0131\"><\/a><\/span><\/p>\n<div class=\"image-description\">\n<h5>Aslan A\u011fz\u0131<\/h5>\n<\/div>\n<\/div>\n<div class=\"gallery-\"><span class=\"image-decoration image-left shadow-220\"><a href=\"https:\/\/antalyamezarbakim.com\/index\/wp-content\/uploads\/2012\/09\/36.jpg\" title=\"Ate\u015f \u00c7i\u00e7e\u011fi\" data-fancybox=\"5\"><span class=\"image-hover\"><\/span><span class=\"image-hover-icon\"><\/span><img src=\"https:\/\/antalyamezarbakim.com\/index\/wp-content\/uploads\/2012\/09\/36-200x100.jpg\" height=\"100\" class=\"attachment-invent-small\" alt=\"Ate\u015f \u00c7i\u00e7e\u011fi\" title=\"Ate\u015f \u00c7i\u00e7e\u011fi\"><\/a><\/span><\/p>\n<div class=\"image-description\">\n<h5>Ate\u015f \u00c7i\u00e7e\u011fi<\/h5>\n<\/div>\n<\/div>\n<div class=\"gallery-\"><span class=\"image-decoration image-left shadow-220\"><a href=\"https:\/\/antalyamezarbakim.com\/index\/wp-content\/uploads\/2012\/09\/46.jpg\" title=\"Begonya\" data-fancybox=\"5\"><span class=\"image-hover\"><\/span><span class=\"image-hover-icon\"><\/span><img src=\"https:\/\/antalyamezarbakim.com\/index\/wp-content\/uploads\/2012\/09\/46-200x100.jpg\" height=\"100\" class=\"attachment-invent-small\" alt=\"Begonya\" title=\"Begonya\"><\/a><\/span><\/p>\n<div class=\"image-description\">\n<h5>Begonya<\/h5>\n<\/div>\n<\/div>\n<div class=\"gallery-\"><span class=\"image-decoration image-left shadow-220\"><a href=\"https:\/\/antalyamezarbakim.com\/index\/wp-content\/uploads\/2012\/09\/63.jpg\" title=\"Buz \u00c7i\u00e7e\u011fi\" data-fancybox=\"5\"><span class=\"image-hover\"><\/span><span class=\"image-hover-icon\"><\/span><img src=\"https:\/\/antalyamezarbakim.com\/index\/wp-content\/uploads\/2012\/09\/63-200x100.jpg\" height=\"100\" class=\"attachment-invent-small\" alt=\"Buz \u00c7i\u00e7e\u011fi\" title=\"Buz \u00c7i\u00e7e\u011fi\"><\/a><\/span><\/p>\n<div class=\"image-description\">\n<h5>Buz \u00c7i\u00e7e\u011fi<\/h5>\n<\/div>\n<\/div>\n<div class=\"gallery-\"><span class=\"image-decoration image-left shadow-220\"><a href=\"https:\/\/antalyamezarbakim.com\/index\/wp-content\/uploads\/2012\/09\/74.jpg\" title=\"Cam G\u00fczeli\" data-fancybox=\"5\"><span class=\"image-hover\"><\/span><span class=\"image-hover-icon\"><\/span><img src=\"https:\/\/antalyamezarbakim.com\/index\/wp-content\/uploads\/2012\/09\/74-200x100.jpg\" height=\"100\" class=\"attachment-invent-small\" alt=\"Cam G\u00fczeli\" title=\"Cam G\u00fczeli\"><\/a><\/span><\/p>\n<div class=\"image-description\">\n<h5>Cam G\u00fczeli<\/h5>\n<\/div>\n<\/div>\n<div class=\"gallery-\"><span class=\"image-decoration image-left shadow-220\"><a href=\"https:\/\/antalyamezarbakim.com\/index\/wp-content\/uploads\/2012\/09\/84.jpg\" title=\"Horoz \u0130bi\u011fi\" data-fancybox=\"5\"><span class=\"image-hover\"><\/span><span class=\"image-hover-icon\"><\/span><img src=\"https:\/\/antalyamezarbakim.com\/index\/wp-content\/uploads\/2012\/09\/84-200x100.jpg\" height=\"100\" class=\"attachment-invent-small\" alt=\"Horoz \u0130bi\u011fi\" title=\"Horoz \u0130bi\u011fi\"><\/a><\/span><\/p>\n<div class=\"image-description\">\n<h5>Horoz \u0130bi\u011fi<\/h5>\n<\/div>\n<\/div>\n<div class=\"gallery-\"><span class=\"image-decoration image-left shadow-220\"><a href=\"https:\/\/antalyamezarbakim.com\/index\/wp-content\/uploads\/2012\/09\/94.jpg\" title=\"Kadife\" data-fancybox=\"5\"><span class=\"image-hover\"><\/span><span class=\"image-hover-icon\"><\/span><img src=\"https:\/\/antalyamezarbakim.com\/index\/wp-content\/uploads\/2012\/09\/94-200x100.jpg\" height=\"100\" class=\"attachment-invent-small\" alt=\"Kadife\" title=\"Kadife\"><\/a><\/span><\/p>\n<div class=\"image-description\">\n<h5>Kadife<\/h5>\n<\/div>\n<\/div>\n<div class=\"gallery-\"><span class=\"image-decoration image-left shadow-220\"><a href=\"https:\/\/antalyamezarbakim.com\/index\/wp-content\/uploads\/2012\/09\/103.jpg\" title=\"Petunya\" data-fancybox=\"5\"><span class=\"image-hover\"><\/span><span class=\"image-hover-icon\"><\/span><img src=\"https:\/\/antalyamezarbakim.com\/index\/wp-content\/uploads\/2012\/09\/103-200x100.jpg\" height=\"100\" class=\"attachment-invent-small\" alt=\"Petunya\" title=\"Petunya\"><\/a><\/span><\/p>\n<div class=\"image-description\">\n<h5>Petunya<\/h5>\n<\/div>\n<\/div>\n<div class=\"gallery-\"><span class=\"image-decoration image-left shadow-220\"><a href=\"https:\/\/antalyamezarbakim.com\/index\/wp-content\/uploads\/2012\/09\/114.jpg\" title=\"Sardunya\" data-fancybox=\"5\"><span class=\"image-hover\"><\/span><span class=\"image-hover-icon\"><\/span><img src=\"https:\/\/antalyamezarbakim.com\/index\/wp-content\/uploads\/2012\/09\/114-200x100.jpg\" height=\"100\" class=\"attachment-invent-small\" alt=\"Sardunya\" title=\"Sardunya\"><\/a><\/span><\/p>\n<div class=\"image-description\">\n<h5>Sardunya<\/h5>\n<\/div>\n<\/div>\n<div class=\"gallery-\"><span class=\"image-decoration image-left shadow-220\"><a href=\"https:\/\/antalyamezarbakim.com\/index\/wp-content\/uploads\/2012\/09\/123.jpg\" title=\"\u015eebboy\" data-fancybox=\"5\"><span class=\"image-hover\"><\/span><span class=\"image-hover-icon\"><\/span><img src=\"https:\/\/antalyamezarbakim.com\/index\/wp-content\/uploads\/2012\/09\/123-200x100.jpg\" height=\"100\" class=\"attachment-invent-small\" alt=\"\u015eebboy\" title=\"\u015eebboy\"><\/a><\/span><\/p>\n<div class=\"image-description\">\n<h5>\u015eebboy<\/h5>\n<\/div>\n<\/div>\n<div class=\"gallery-\"><span class=\"image-decoration image-left shadow-220\"><a href=\"https:\/\/antalyamezarbakim.com\/index\/wp-content\/uploads\/2012\/09\/131.jpg\" title=\"Karanfil\" data-fancybox=\"5\"><span class=\"image-hover\"><\/span><span class=\"image-hover-icon\"><\/span><img src=\"https:\/\/antalyamezarbakim.com\/index\/wp-content\/uploads\/2012\/09\/131-200x100.jpg\" height=\"100\" class=\"attachment-invent-small\" alt=\"Karanfil\" title=\"Karanfil\"><\/a><\/span><\/p>\n<div class=\"image-description\">\n<h5>Karanfil<\/h5>\n<\/div>\n<\/div>\n<\/div>\n<\/div>\n<h3 style=\"text-align: left;\"><\/h3>\n<h3 style=\"text-align: center;\"><span style=\"color: #672600;\">K\u0131\u015f Mevsimine Uygun \u00c7i\u00e7ekler<\/span><\/h3>\n<p style=\"text-align: center;\">K\u0131\u015f mevsimine uygun \u00e7i\u00e7eklerimizden\u00a0se\u00e7im yapabilirsiniz.<\/p>\n<div class=\"invent-gallery no-js\">\n<div class=\"portfolio-1-4\">\n<div class=\"gallery-\"><span class=\"image-decoration image-left shadow-220\"><a href=\"https:\/\/antalyamezarbakim.com\/index\/wp-content\/uploads\/2012\/09\/18.jpg\" title=\"\u00c7uha\" data-fancybox=\"6\"><span class=\"image-hover\"><\/span><span class=\"image-hover-icon\"><\/span><img src=\"https:\/\/antalyamezarbakim.com\/index\/wp-content\/uploads\/2012\/09\/18-200x100.jpg\" height=\"100\" class=\"attachment-invent-small\" alt=\"\u00c7uha\" title=\"\u00c7uha\"><\/a><\/span><\/p>\n<div class=\"image-description\">\n<h5>\u00c7uha<\/h5>\n<\/div>\n<\/div>\n<div class=\"gallery-\"><span class=\"image-decoration image-left shadow-220\"><a href=\"https:\/\/antalyamezarbakim.com\/index\/wp-content\/uploads\/2012\/09\/26.jpg\" title=\"Gazanya\" data-fancybox=\"6\"><span class=\"image-hover\"><\/span><span class=\"image-hover-icon\"><\/span><img src=\"https:\/\/antalyamezarbakim.com\/index\/wp-content\/uploads\/2012\/09\/26-200x100.jpg\" height=\"100\" class=\"attachment-invent-small\" alt=\"Gazanya\" title=\"Gazanya\"><\/a><\/span><\/p>\n<div class=\"image-description\">\n<h5>Gazanya<\/h5>\n<\/div>\n<\/div>\n<div class=\"gallery-\"><span class=\"image-decoration image-left shadow-220\"><a href=\"https:\/\/antalyamezarbakim.com\/index\/wp-content\/uploads\/2012\/09\/37.jpg\" title=\"\u0130ris\" data-fancybox=\"6\"><span class=\"image-hover\"><\/span><span class=\"image-hover-icon\"><\/span><img src=\"https:\/\/antalyamezarbakim.com\/index\/wp-content\/uploads\/2012\/09\/37-200x100.jpg\" height=\"100\" class=\"attachment-invent-small\" alt=\"\u0130ris\" title=\"\u0130ris\"><\/a><\/span><\/p>\n<div class=\"image-description\">\n<h5>\u0130ris<\/h5>\n<\/div>\n<\/div>\n<div class=\"gallery-\"><span class=\"image-decoration image-left shadow-220\"><a href=\"https:\/\/antalyamezarbakim.com\/index\/wp-content\/uploads\/2012\/09\/47.jpg\" title=\"Kas\u0131mpat\u0131\" data-fancybox=\"6\"><span class=\"image-hover\"><\/span><span class=\"image-hover-icon\"><\/span><img src=\"https:\/\/antalyamezarbakim.com\/index\/wp-content\/uploads\/2012\/09\/47-200x100.jpg\" height=\"100\" class=\"attachment-invent-small\" alt=\"Kas\u0131mpat\u0131\" title=\"Kas\u0131mpat\u0131\"><\/a><\/span><\/p>\n<div class=\"image-description\">\n<h5>Kas\u0131mpat\u0131<\/h5>\n<\/div>\n<\/div>\n<div class=\"gallery-\"><span class=\"image-decoration image-left shadow-220\"><a href=\"https:\/\/antalyamezarbakim.com\/index\/wp-content\/uploads\/2012\/09\/54.jpg\" title=\"Lahana \u00c7i\u00e7e\u011fi\" data-fancybox=\"6\"><span class=\"image-hover\"><\/span><span class=\"image-hover-icon\"><\/span><img src=\"https:\/\/antalyamezarbakim.com\/index\/wp-content\/uploads\/2012\/09\/54-200x100.jpg\" height=\"100\" class=\"attachment-invent-small\" alt=\"Lahana \u00c7i\u00e7e\u011fi\" title=\"Lahana \u00c7i\u00e7e\u011fi\"><\/a><\/span><\/p>\n<div class=\"image-description\">\n<h5>Lahana \u00c7i\u00e7e\u011fi<\/h5>\n<\/div>\n<\/div>\n<div class=\"gallery-\"><span class=\"image-decoration image-left shadow-220\"><a href=\"https:\/\/antalyamezarbakim.com\/index\/wp-content\/uploads\/2012\/09\/75.jpg\" title=\"Nergiz\" data-fancybox=\"6\"><span class=\"image-hover\"><\/span><span class=\"image-hover-icon\"><\/span><img src=\"https:\/\/antalyamezarbakim.com\/index\/wp-content\/uploads\/2012\/09\/75-200x100.jpg\" height=\"100\" class=\"attachment-invent-small\" alt=\"Nergiz\" title=\"Nergiz\"><\/a><\/span><\/p>\n<div class=\"image-description\">\n<h5>Nergiz<\/h5>\n<\/div>\n<\/div>\n<div class=\"gallery-\"><span class=\"image-decoration image-left shadow-220\"><a href=\"https:\/\/antalyamezarbakim.com\/index\/wp-content\/uploads\/2012\/09\/85.jpg\" title=\"Siklamen\" data-fancybox=\"6\"><span class=\"image-hover\"><\/span><span class=\"image-hover-icon\"><\/span><img src=\"https:\/\/antalyamezarbakim.com\/index\/wp-content\/uploads\/2012\/09\/85-200x100.jpg\" height=\"100\" class=\"attachment-invent-small\" alt=\"Siklamen\" title=\"Siklamen\"><\/a><\/span><\/p>\n<div class=\"image-description\">\n<h5>Siklamen<\/h5>\n<\/div>\n<\/div>\n<div class=\"gallery-\"><span class=\"image-decoration image-left shadow-220\"><a href=\"https:\/\/antalyamezarbakim.com\/index\/wp-content\/uploads\/2012\/09\/151.jpg\" title=\"Menek\u015fe\" data-fancybox=\"6\"><span class=\"image-hover\"><\/span><span class=\"image-hover-icon\"><\/span><img src=\"https:\/\/antalyamezarbakim.com\/index\/wp-content\/uploads\/2012\/09\/151-200x100.jpg\" height=\"100\" class=\"attachment-invent-small\" alt=\"Menek\u015fe\" title=\"Menek\u015fe\"><\/a><\/span><\/p>\n<div class=\"image-description\">\n<h5>Menek\u015fe<\/h5>\n<\/div>\n<\/div>\n<div class=\"gallery-\"><span class=\"image-decoration image-left shadow-220\"><a href=\"https:\/\/antalyamezarbakim.com\/index\/wp-content\/uploads\/2012\/09\/95.jpg\" title=\"S\u00fcmb\u00fcl\" data-fancybox=\"6\"><span class=\"image-hover\"><\/span><span class=\"image-hover-icon\"><\/span><img src=\"https:\/\/antalyamezarbakim.com\/index\/wp-content\/uploads\/2012\/09\/95-200x100.jpg\" height=\"100\" class=\"attachment-invent-small\" alt=\"S\u00fcmb\u00fcl\" title=\"S\u00fcmb\u00fcl\"><\/a><\/span><\/p>\n<div class=\"image-description\">\n<h5>S\u00fcmb\u00fcl<\/h5>\n<\/div>\n<\/div>\n<\/div>\n<\/div>\n","protected":false},"excerpt":{"rendered":"<p>\u00c7i\u00e7eklendirme Nedir ? Nas\u0131l Yap\u0131l\u0131r ? Peyzaj mimar\u0131m\u0131z taraf\u0131ndan s\u00fcrekli denetlenen bah\u00e7ivanlar\u0131m\u0131z mezar\u0131m\u0131z\u0131 mevsimine uygun \u00e7i\u00e7eklerle \u00e7i\u00e7eklendirir, yer \u00f6rt\u00fcc\u00fc uzun y\u0131llar kullan\u0131labilecek bitkiler ile mezara yemye\u015fil bir g\u00f6r\u00fcn\u00fcm verilmesini sa\u011flar. Bu i\u015flem ard\u0131ndan mevsimin her d\u00f6neminde mezar\u0131n rengarenk g\u00f6r\u00fcn\u00fcm\u00fcn\u00fc sa\u011flamak ve ho\u015f koku yaymak i\u00e7in mevsimlik \u00e7i\u00e7ekler dikilir ve periyodik bak\u0131mlar\u0131 yap\u0131l\u0131r. Yaz Mevsimine Uygun [&hellip;]<\/p>\n","protected":false},"author":1,"featured_media":0,"parent":0,"menu_order":0,"comment_status":"closed","ping_status":"open","template":"","meta":[],"_links":{"self":[{"href":"https:\/\/antalyamezarbakim.com\/index\/wp-json\/wp\/v2\/pages\/161"}],"collection":[{"href":"https:\/\/antalyamezarbakim.com\/index\/wp-json\/wp\/v2\/pages"}],"about":[{"href":"https:\/\/antalyamezarbakim.com\/index\/wp-json\/wp\/v2\/types\/page"}],"author":[{"embeddable":true,"href":"https:\/\/antalyamezarbakim.com\/index\/wp-json\/wp\/v2\/users\/1"}],"replies":[{"embeddable":true,"href":"https:\/\/antalyamezarbakim.com\/index\/wp-json\/wp\/v2\/comments?post=161"}],"version-history":[{"count":0,"href":"https:\/\/antalyamezarbakim.com\/index\/wp-json\/wp\/v2\/pages\/161\/revisions"}],"wp:attachment":[{"href":"https:\/\/antalyamezarbakim.com\/index\/wp-json\/wp\/v2\/media?parent=161"}],"curies":[{"name":"wp","href":"https:\/\/api.w.org\/{rel}","templated":true}]}}