{"id":151,"date":"2012-09-06T15:43:45","date_gmt":"2012-09-06T12:43:45","guid":{"rendered":"https:\/\/antalyamezarbakim.com\/index\/?page_id=151"},"modified":"2012-09-15T14:42:36","modified_gmt":"2012-09-15T11:42:36","slug":"mezar-bakimi","status":"publish","type":"page","link":"https:\/\/antalyamezarbakim.com\/index\/mezar-bakimi\/","title":{"rendered":"Mezar Bak\u0131m\u0131"},"content":{"rendered":"<h4 style=\"text-align: center;\"><span style=\"color: #672600;\">Mezar Bak\u0131m\u0131 Nedir? Nas\u0131l Yap\u0131l\u0131r?\u00a0<\/span><\/h4>\n<p style=\"text-align: justify;\">Antalya&#8217;n\u0131n b\u00fct\u00fcn mezarl\u0131klar\u0131nda sevdiklerinize ait mezarlar\u0131n her t\u00fcrl\u00fc yap\u0131m\u0131, onar\u0131m\u0131, yenilenmesi deneyimli teknik personelimizle y\u0131llar\u0131n verdi\u011fi tecr\u00fcbe ile \u00f6zenle yap\u0131lmaktad\u0131r. Her t\u00fcrl\u00fc granit, mermer, mozaik t\u00fcr\u00fc veya sizin be\u011fenece\u011finiz ve bizim \u00f6nerebilece\u011finiz \u00f6zelliklerde kombinasyonlar\u0131 i\u00e7eren mezar modelleri yap\u0131m\u0131; var olan mezar\u0131n\u0131z\u0131n onar\u0131m\u0131, uzun s\u00fcre boyunca \u00e7evre ve iklim \u015fartlar\u0131ndan kararm\u0131\u015f kirlenmi\u015f mermerlerin ilk g\u00fcnk\u00fc gibi beyazlat\u0131lmas\u0131, okunmayan ba\u015f ta\u015flar\u0131n\u0131n boyanmas\u0131, onar\u0131m\u0131 ve yenilenmesi gibi kabir in\u015faat\u0131 ile ilgili her konuda yan\u0131n\u0131zday\u0131z.<\/p>\n<p style=\"text-align: justify;\">Mevcut bitkilerinin periyodik olarak sulanmas\u0131, mevsimsel budamas\u0131n\u0131n yap\u0131lmas\u0131, g\u00fcbrelenmesi, mezar\u0131n \u00e7evresindeki ve \u00fczerindeki kurumu\u015f, zararl\u0131 otlar\u0131n\u0131n temizlenmesi, sulu\u011funun doldurulmas\u0131, ta\u015f y\u00fczeyin de olu\u015fan yosunla\u015fma, \u00e7am re\u00e7inesi, ku\u015f pisli\u011fi ve \u00e7amur gibi lekelerin gerekli kimyasallarla temizlenmesi, kabir ba\u015f ta\u015f\u0131n\u0131n silinen veya eskiyen yaz\u0131lar\u0131n\u0131n r\u00f6tu\u015flanmas\u0131, kabrin ya\u011fmur veya \u00e7\u00f6kmelerden dolay\u0131 eksilen topra\u011f\u0131n\u0131n tamamlanmas\u0131, topra\u011f\u0131n\u0131n taran\u0131p havaland\u0131r\u0131lmas\u0131, zamanla sertle\u015fen, \u00e7i\u00e7ek ve bitkiler i\u00e7in verimsizle\u015fen topra\u011f\u0131 ta\u015fs\u0131z, temiz toprakla de\u011fi\u015ftirilmesi, bitkisel toprak ilave edilmesi, istedi\u011finiz bitkilerin dikilmesi gibi kabrin bak\u0131m\u0131 i\u015flemleri periyodik olarak yap\u0131lmaktad\u0131r.<\/p>\n<p style=\"text-align: justify;\"><span style=\"color: #008000;\"><strong>Co\u015fkun Mermer<\/strong><\/span>\u00a0olarak yak\u0131nlar\u0131n\u0131n mezarlar\u0131yla ilgilenemeyen dostlar\u0131m\u0131z\u0131n y\u00fck\u00fcn\u00fc hafifletmek i\u00e7in bu g\u00f6revi \u00fcstlendik. T\u00fcrkiye d\u0131\u015f\u0131nda ya\u015fay\u0131p, mezar\u0131na bakamayan vatanda\u015flar\u0131nda bu hizmetten yararlanaca\u011f\u0131n\u0131 belirtmek isteriz. Kabrin, bak\u0131m \u00f6ncesi hali ve bak\u0131m sonras\u0131 hali foto\u011frafland\u0131r\u0131larak, size e-posta ile g\u00f6nderilir.<\/p>\n<h4 style=\"text-align: center;\"><span style=\"color: #672600;\">Bak\u0131ml\u0131 Mezar \u00d6rnekleri<\/span><\/h4>\n<div class=\"invent-gallery no-js\">\n<div class=\"portfolio-1-4\">\n<div class=\"gallery-\"><span class=\"image-decoration image-left shadow-220\"><a href=\"https:\/\/antalyamezarbakim.com\/index\/wp-content\/uploads\/2012\/09\/120.jpg\" title=\"\" data-fancybox=\"11\"><span class=\"image-hover\"><\/span><span class=\"image-hover-icon\"><\/span><img src=\"https:\/\/antalyamezarbakim.com\/index\/wp-content\/uploads\/2012\/09\/120-200x100.jpg\" height=\"100\" class=\"attachment-invent-small\" alt=\"\" title=\"\"><\/a><\/span><\/p>\n<div class=\"image-description\">\n<h5><\/h5>\n<\/div>\n<\/div>\n<div class=\"gallery-\"><span class=\"image-decoration image-left shadow-220\"><a href=\"https:\/\/antalyamezarbakim.com\/index\/wp-content\/uploads\/2012\/09\/213.jpg\" title=\"\" data-fancybox=\"11\"><span class=\"image-hover\"><\/span><span class=\"image-hover-icon\"><\/span><img src=\"https:\/\/antalyamezarbakim.com\/index\/wp-content\/uploads\/2012\/09\/213-200x100.jpg\" height=\"100\" class=\"attachment-invent-small\" alt=\"\" title=\"\"><\/a><\/span><\/p>\n<div class=\"image-description\">\n<h5><\/h5>\n<\/div>\n<\/div>\n<div class=\"gallery-\"><span class=\"image-decoration image-left shadow-220\"><a href=\"https:\/\/antalyamezarbakim.com\/index\/wp-content\/uploads\/2012\/09\/314.jpg\" title=\"\" data-fancybox=\"11\"><span class=\"image-hover\"><\/span><span class=\"image-hover-icon\"><\/span><img src=\"https:\/\/antalyamezarbakim.com\/index\/wp-content\/uploads\/2012\/09\/314-200x100.jpg\" height=\"100\" class=\"attachment-invent-small\" alt=\"\" title=\"\"><\/a><\/span><\/p>\n<div class=\"image-description\">\n<h5><\/h5>\n<\/div>\n<\/div>\n<div class=\"gallery-\"><span class=\"image-decoration image-left shadow-220\"><a href=\"https:\/\/antalyamezarbakim.com\/index\/wp-content\/uploads\/2012\/09\/413.jpg\" title=\"\" data-fancybox=\"11\"><span class=\"image-hover\"><\/span><span class=\"image-hover-icon\"><\/span><img src=\"https:\/\/antalyamezarbakim.com\/index\/wp-content\/uploads\/2012\/09\/413-200x100.jpg\" height=\"100\" class=\"attachment-invent-small\" alt=\"\" title=\"\"><\/a><\/span><\/p>\n<div class=\"image-description\">\n<h5><\/h5>\n<\/div>\n<\/div>\n<div class=\"gallery-\"><span class=\"image-decoration image-left shadow-220\"><a href=\"https:\/\/antalyamezarbakim.com\/index\/wp-content\/uploads\/2012\/09\/511.jpg\" title=\"\" data-fancybox=\"11\"><span class=\"image-hover\"><\/span><span class=\"image-hover-icon\"><\/span><img src=\"https:\/\/antalyamezarbakim.com\/index\/wp-content\/uploads\/2012\/09\/511-200x100.jpg\" height=\"100\" class=\"attachment-invent-small\" alt=\"\" title=\"\"><\/a><\/span><\/p>\n<div class=\"image-description\">\n<h5><\/h5>\n<\/div>\n<\/div>\n<div class=\"gallery-\"><span class=\"image-decoration image-left shadow-220\"><a href=\"https:\/\/antalyamezarbakim.com\/index\/wp-content\/uploads\/2012\/09\/610.jpg\" title=\"\" data-fancybox=\"11\"><span class=\"image-hover\"><\/span><span class=\"image-hover-icon\"><\/span><img src=\"https:\/\/antalyamezarbakim.com\/index\/wp-content\/uploads\/2012\/09\/610-200x100.jpg\" height=\"100\" class=\"attachment-invent-small\" alt=\"\" title=\"\"><\/a><\/span><\/p>\n<div class=\"image-description\">\n<h5><\/h5>\n<\/div>\n<\/div>\n<div class=\"gallery-\"><span class=\"image-decoration image-left shadow-220\"><a href=\"https:\/\/antalyamezarbakim.com\/index\/wp-content\/uploads\/2012\/09\/711.jpg\" title=\"\" data-fancybox=\"11\"><span class=\"image-hover\"><\/span><span class=\"image-hover-icon\"><\/span><img src=\"https:\/\/antalyamezarbakim.com\/index\/wp-content\/uploads\/2012\/09\/711-200x100.jpg\" height=\"100\" class=\"attachment-invent-small\" alt=\"\" title=\"\"><\/a><\/span><\/p>\n<div class=\"image-description\">\n<h5><\/h5>\n<\/div>\n<\/div>\n<div class=\"gallery-\"><span class=\"image-decoration image-left shadow-220\"><a href=\"https:\/\/antalyamezarbakim.com\/index\/wp-content\/uploads\/2012\/09\/811.jpg\" title=\"\" data-fancybox=\"11\"><span class=\"image-hover\"><\/span><span class=\"image-hover-icon\"><\/span><img src=\"https:\/\/antalyamezarbakim.com\/index\/wp-content\/uploads\/2012\/09\/811-200x100.jpg\" height=\"100\" class=\"attachment-invent-small\" alt=\"\" title=\"\"><\/a><\/span><\/p>\n<div class=\"image-description\">\n<h5><\/h5>\n<\/div>\n<\/div>\n<div class=\"gallery-\"><span class=\"image-decoration image-left shadow-220\"><a href=\"https:\/\/antalyamezarbakim.com\/index\/wp-content\/uploads\/2012\/09\/911.jpg\" title=\"\" data-fancybox=\"11\"><span class=\"image-hover\"><\/span><span class=\"image-hover-icon\"><\/span><img src=\"https:\/\/antalyamezarbakim.com\/index\/wp-content\/uploads\/2012\/09\/911-200x100.jpg\" height=\"100\" class=\"attachment-invent-small\" alt=\"\" title=\"\"><\/a><\/span><\/p>\n<div class=\"image-description\">\n<h5><\/h5>\n<\/div>\n<\/div>\n<\/div>\n<\/div>\n","protected":false},"excerpt":{"rendered":"<p>Mezar Bak\u0131m\u0131 Nedir? Nas\u0131l Yap\u0131l\u0131r?\u00a0 Antalya&#8217;n\u0131n b\u00fct\u00fcn mezarl\u0131klar\u0131nda sevdiklerinize ait mezarlar\u0131n her t\u00fcrl\u00fc yap\u0131m\u0131, onar\u0131m\u0131, yenilenmesi deneyimli teknik personelimizle y\u0131llar\u0131n verdi\u011fi tecr\u00fcbe ile \u00f6zenle yap\u0131lmaktad\u0131r. Her t\u00fcrl\u00fc granit, mermer, mozaik t\u00fcr\u00fc veya sizin be\u011fenece\u011finiz ve bizim \u00f6nerebilece\u011finiz \u00f6zelliklerde kombinasyonlar\u0131 i\u00e7eren mezar modelleri yap\u0131m\u0131; var olan mezar\u0131n\u0131z\u0131n onar\u0131m\u0131, uzun s\u00fcre boyunca \u00e7evre ve iklim \u015fartlar\u0131ndan kararm\u0131\u015f [&hellip;]<\/p>\n","protected":false},"author":1,"featured_media":0,"parent":0,"menu_order":0,"comment_status":"closed","ping_status":"open","template":"","meta":[],"_links":{"self":[{"href":"https:\/\/antalyamezarbakim.com\/index\/wp-json\/wp\/v2\/pages\/151"}],"collection":[{"href":"https:\/\/antalyamezarbakim.com\/index\/wp-json\/wp\/v2\/pages"}],"about":[{"href":"https:\/\/antalyamezarbakim.com\/index\/wp-json\/wp\/v2\/types\/page"}],"author":[{"embeddable":true,"href":"https:\/\/antalyamezarbakim.com\/index\/wp-json\/wp\/v2\/users\/1"}],"replies":[{"embeddable":true,"href":"https:\/\/antalyamezarbakim.com\/index\/wp-json\/wp\/v2\/comments?post=151"}],"version-history":[{"count":0,"href":"https:\/\/antalyamezarbakim.com\/index\/wp-json\/wp\/v2\/pages\/151\/revisions"}],"wp:attachment":[{"href":"https:\/\/antalyamezarbakim.com\/index\/wp-json\/wp\/v2\/media?parent=151"}],"curies":[{"name":"wp","href":"https:\/\/api.w.org\/{rel}","templated":true}]}}